{"id":118,"date":"2017-04-23T07:45:22","date_gmt":"2017-04-23T07:45:22","guid":{"rendered":"http:\/\/acad-icht.tm.edu.ro\/wp\/?page_id=118"},"modified":"2025-05-22T08:23:40","modified_gmt":"2025-05-22T06:23:40","slug":"istoric","status":"publish","type":"page","link":"https:\/\/acad-icht.tm.edu.ro\/wp\/?page_id=118","title":{"rendered":"Despre noi"},"content":{"rendered":"\n<div style=\"height:30px\" aria-hidden=\"true\" class=\"wp-block-spacer\"><\/div>\n\n\n\n<figure class=\"wp-block-image size-full\"><img loading=\"lazy\" decoding=\"async\" width=\"2663\" height=\"1374\" src=\"https:\/\/acad-icht.tm.edu.ro\/wp\/wp-content\/uploads\/2023\/05\/ICT-2-2022-crop-1.jpg\" alt=\"\" class=\"wp-image-3333\"\/><\/figure>\n\n\n\n<div style=\"height:30px\" aria-hidden=\"true\" class=\"wp-block-spacer\"><\/div>\n\n\n\n<h2 class=\"wp-block-heading has-text-align-center has-text-color has-background has-medium-font-size\" style=\"color:#262424d1;background-color:#b0cde1;font-style:normal;font-weight:200\"><strong>Scurt Istoric<\/strong><\/h2>\n\n\n\n<div style=\"height:10px\" aria-hidden=\"true\" class=\"wp-block-spacer\"><\/div>\n\n\n\n<ul class=\"wp-block-list\">\n<li><strong><em>1951<\/em><\/strong><br>Sub conducerea academicianului Coriolan Dr\u0103gulescu a \u00eenceput, \u00een Timi\u0219oara, organizarea a re\u021belei de cercetare \u0219tiin\u021bific\u0103 a Academiei Rom\u00e2ne cu formarea primelor colective de cercetare \u00een domeniul chimiei. Acestea erau deja existente \u00een jurul catedrelor Facult\u0103\u021bii de Chimie Industrial\u0103 din cadrul Institutului Politehnic Timi\u0219oara. Activitatea acestor colective era dedicat\u0103 chimiei anorganice \u0219i analitice \u0219i chimiei coloran\u021bilor<\/li> <br>\n\n\n\n<li><strong><em>1953<\/em><\/strong><br>Ia fiin\u021b\u0103 Baza de Cercet\u0103ri \u0218tiin\u021bifice din Timi\u0219oara a Academiei Rom\u00e2ne, loc \u00een care se concentreaz\u0103 cele mai reprezentative for\u021be \u0219i direc\u021bii de cercetare din Timi\u0219oara. \u00centre acestea, grupele de cercetare formate \u00een jurul catedrelor Facult\u0103\u021bii de Inginerie Chimic\u0103 ale Institutului Politehnic Timi\u0219oara<\/li><br>\n\n\n\n<li><strong><em>1956<\/em><\/strong><br>La ini\u021biativa acad. Coriolan Dr\u0103gulescu aceste grupe de cercetare s-au organizat \u00eentr-o sec\u021bie distinct\u0103 (Sec\u021bia de Chimie a Bazei de Cercet\u0103ri \u0218tiin\u021bifice din Timi\u0219oara a Academiei Rom\u00e2ne) av\u00e2nd ca obiectiv dezvoltarea cercet\u0103rilor \u00een domeniul chimiei anorganice \u0219i analitice \u0219i \u00een domeniul coloran\u021bilor.&nbsp;<br>In urmatorii ani s-au dezvoltat si alte direc\u021bii de cercetare: chimia compu\u0219ilor element-organici, \u00eengr\u0103\u0219\u0103minte chimice, echilibre chimice cu orientare c\u0103tre chimia uraniului \u0219i bismutului, chimie bioanorganic\u0103, chimia compu\u0219ilor oxidici, cataliza eterogen\u0103.<\/li><br>\n\n\n\n<li><strong><em>2001<\/em><\/strong><br>Sec\u021bia de Chimie a Bazei de Cercet\u0103ri \u0218tiin\u021bifice a Academiei devine \u201cInstitutul de Chimie Timi\u0219oara al Academiei Rom\u00e2ne\u201d.<\/li><br>\n\n\n\n<li><strong><em>2018<\/em><\/strong><br>Din 2018 institutul \u00ee\u0219i schimb\u0103 denumirea \u00een \u201cInstitutul de Chimie \u201eCoriolan Dr\u0103gulescu\u201d.<\/li><br>\n<\/ul>\n\n\n\n<p><\/p>\n\n\n\n<div style=\"height:40px\" aria-hidden=\"true\" class=\"wp-block-spacer\"><\/div>\n\n\n\n<p class=\"has-text-align-left\">Institutul de Chimie Timi\u0219oara al Academiei Rom\u00e2ne a fost \u00eenfin\u021bat \u00een anul 2001 prin Hot\u0103r\u00e2rea de Guvern nr. 1366\/27.12.2001.&nbsp;Prin Hot\u0103r\u00e2rea Guvernului nr. 1021\/21.12.2018 acesta \u00ee\u015fi schimb\u0103 denumirea \u00een <em>Institutul de Chimie \u201eCoriolan Dr\u0103gulescu\u201c<\/em>.<\/p>\n\n\n\n<p><\/p>\n","protected":false},"excerpt":{"rendered":"Scurt Istoric Institutul de Chimie Timi\u0219oara al Academiei Rom\u00e2ne a fost \u00eenfin\u021bat \u00een anul 2001 prin Hot\u0103r\u00e2rea de Guvern nr. 1366\/27.12.2001.&nbsp;Prin Hot\u0103r\u00e2rea Guvernului nr. 1021\/21.12.2018 acesta \u00ee\u015fi schimb\u0103 denumirea \u00een Institutul de Chimie \u201eCoriolan Dr\u0103gulescu\u201c.","protected":false},"author":1,"featured_media":3331,"parent":0,"menu_order":0,"comment_status":"closed","ping_status":"closed","template":"","meta":{"footnotes":""},"class_list":["post-118","page","type-page","status-publish","has-post-thumbnail","hentry"],"featured_image_src":"https:\/\/acad-icht.tm.edu.ro\/wp\/wp-content\/uploads\/2023\/05\/ICT-2-crop-1.jpg","_links":{"self":[{"href":"https:\/\/acad-icht.tm.edu.ro\/wp\/index.php?rest_route=\/wp\/v2\/pages\/118","targetHints":{"allow":["GET"]}}],"collection":[{"href":"https:\/\/acad-icht.tm.edu.ro\/wp\/index.php?rest_route=\/wp\/v2\/pages"}],"about":[{"href":"https:\/\/acad-icht.tm.edu.ro\/wp\/index.php?rest_route=\/wp\/v2\/types\/page"}],"author":[{"embeddable":true,"href":"https:\/\/acad-icht.tm.edu.ro\/wp\/index.php?rest_route=\/wp\/v2\/users\/1"}],"replies":[{"embeddable":true,"href":"https:\/\/acad-icht.tm.edu.ro\/wp\/index.php?rest_route=%2Fwp%2Fv2%2Fcomments&post=118"}],"version-history":[{"count":26,"href":"https:\/\/acad-icht.tm.edu.ro\/wp\/index.php?rest_route=\/wp\/v2\/pages\/118\/revisions"}],"predecessor-version":[{"id":5008,"href":"https:\/\/acad-icht.tm.edu.ro\/wp\/index.php?rest_route=\/wp\/v2\/pages\/118\/revisions\/5008"}],"wp:featuredmedia":[{"embeddable":true,"href":"https:\/\/acad-icht.tm.edu.ro\/wp\/index.php?rest_route=\/wp\/v2\/media\/3331"}],"wp:attachment":[{"href":"https:\/\/acad-icht.tm.edu.ro\/wp\/index.php?rest_route=%2Fwp%2Fv2%2Fmedia&parent=118"}],"curies":[{"name":"wp","href":"https:\/\/api.w.org\/{rel}","templated":true}]}}