{"id":121,"date":"2017-04-23T07:45:45","date_gmt":"2017-04-23T07:45:45","guid":{"rendered":"http:\/\/acad-icht.tm.edu.ro\/wp\/?page_id=121"},"modified":"2019-02-04T14:10:44","modified_gmt":"2019-02-04T12:10:44","slug":"noutati","status":"publish","type":"page","link":"https:\/\/acad-icht.tm.edu.ro\/wp\/?page_id=121","title":{"rendered":"Link-uri"},"content":{"rendered":"<table id=\"table1\" border=\"0\" width=\"90{373fd5072b9c06e43c667d5b6485d201aadca1eaee3baa8babd6209d3ef994c5}\" cellpadding=\"2\">\r\n<tbody>\r\n<tr>\r\n<td valign=\"middle\" width=\"40{373fd5072b9c06e43c667d5b6485d201aadca1eaee3baa8babd6209d3ef994c5}\" height=\"120px\"><a href=\"http:\/\/www.acad.ro\/\" target=\"_blank\" > <img decoding=\"async\" class=\"center\" src=\"..\/imagini\/siglaacadro1.gif\" width=\"100px\" border=\"0\" \/><\/a><\/td>\r\n<td align=\"center\" valign=\"middle\" width=\"60{373fd5072b9c06e43c667d5b6485d201aadca1eaee3baa8babd6209d3ef994c5}\"><i><b> <a href=\"http:\/\/www.acad.ro\/\" target=\"_blank\" >Academia Rom\u00e2n\u0103<\/a><\/b><\/i><\/td>\r\n<\/tr>\r\n<tr>\r\n<td valign=\"middle\" width=\"40{373fd5072b9c06e43c667d5b6485d201aadca1eaee3baa8babd6209d3ef994c5}\" height=\"120px\"><a href=\"http:\/\/acad-tim.utt.ro\/\" target=\"_blank\" > <img decoding=\"async\" class=\"center\" src=\"..\/imagini\/siglaacadro1.gif\" width=\"100px\" border=\"0\" \/><\/a><\/td>\r\n<td align=\"center\" valign=\"middle\" width=\"60{373fd5072b9c06e43c667d5b6485d201aadca1eaee3baa8babd6209d3ef994c5}\"><i><b> <a href=\"http:\/\/acad-tim.tm.edu.ro\/\" target=\"_blank\" >Academia Rom\u00e2n\u0103 &#8211; Filiala Timi\u0219oara<\/a><\/b><\/i><\/td>\r\n<\/tr>\r\n<tr>\r\n<td valign=\"middle\" width=\"40{373fd5072b9c06e43c667d5b6485d201aadca1eaee3baa8babd6209d3ef994c5}\" height=\"120px\"><a href=\"http:\/\/www.upt.ro\/\" target=\"_blank\" > <img decoding=\"async\" class=\"center\" src=\"..\/imagini\/universitatea-politehnica-timisoara.jpg\" height=\"90px\" border=\"0\" \/><\/a><\/td>\r\n<td align=\"center\" valign=\"middle\" width=\"60{373fd5072b9c06e43c667d5b6485d201aadca1eaee3baa8babd6209d3ef994c5}\"><i><b> <a href=\"http:\/\/www.upt.ro\/\" target=\"_blank\" >Universitatea Politehnica Timi\u0219oara<\/a><\/b><\/i><\/td>\r\n<\/tr>\r\n<tr>\r\n<td valign=\"middle\" width=\"40{373fd5072b9c06e43c667d5b6485d201aadca1eaee3baa8babd6209d3ef994c5}\" height=\"120px\"><a href=\"http:\/\/www.uvt.ro\/\" target=\"_blank\" > <img decoding=\"async\" class=\"center\" src=\"..\/imagini\/logoUVT.png\" height=\"50px\" border=\"0\" \/><\/a><\/td>\r\n<td align=\"center\" valign=\"middle\" width=\"60{373fd5072b9c06e43c667d5b6485d201aadca1eaee3baa8babd6209d3ef994c5}\"><i><b> <a href=\"http:\/\/www.uvt.ro\/\" target=\"_blank\" >Universitatea de Vest Timi\u0219oara<\/a><\/b><\/i><\/td>\r\n<\/tr>\r\n<tr>\r\n<td valign=\"middle\" width=\"40{373fd5072b9c06e43c667d5b6485d201aadca1eaee3baa8babd6209d3ef994c5}\" height=\"120px\"><a href=\"http:\/\/www.incemc.ro\/\" target=\"_blank\" > <img decoding=\"async\" class=\"center\" src=\"..\/imagini\/incdemc.png\" height=\"90px\" border=\"0\" \/><\/a><\/td>\r\n<td align=\"center\" valign=\"middle\" width=\"60{373fd5072b9c06e43c667d5b6485d201aadca1eaee3baa8babd6209d3ef994c5}\"><i><b> <a href=\"http:\/\/www.incemc.ro\/\" target=\"_blank\" >Institutul Na\u021bional de Cercetare-Dezvoltare pentru Electrochimie \u0219i Materie Condensat\u0103 Timi\u0219oara<\/a><\/b><\/i><\/td>\r\n<\/tr>\r\n<tr>\r\n<td valign=\"middle\" width=\"40{373fd5072b9c06e43c667d5b6485d201aadca1eaee3baa8babd6209d3ef994c5}\" height=\"120px\"><a href=\"http:\/\/www.isim.ro\/\" target=\"_blank\" > <img decoding=\"async\" class=\"center\" src=\"..\/imagini\/logo_isim.gif\" width=\"100px\" border=\"0\" \/><\/a><\/td>\r\n<td align=\"center\" valign=\"middle\" width=\"60{373fd5072b9c06e43c667d5b6485d201aadca1eaee3baa8babd6209d3ef994c5}\"><i><b> <a href=\"http:\/\/www.isim.ro\/\" target=\"_blank\" >Institutul de Sudur\u0103 \u0219i \u00cencerc\u0103ri de Materiale Timi\u0219oara<\/a><\/b><\/i><\/td>\r\n<\/tr>\r\n<tr>\r\n<td valign=\"middle\" width=\"40{373fd5072b9c06e43c667d5b6485d201aadca1eaee3baa8babd6209d3ef994c5}\" height=\"120px\"><a href=\"http:\/\/www.usab-tm.ro\/\" target=\"_blank\" > <img decoding=\"async\" class=\"center\" src=\"..\/imagini\/logoUSAMVBT.png\" width=\"100px\" border=\"0\" \/><\/a><\/td>\r\n<td align=\"center\" valign=\"middle\" width=\"60{373fd5072b9c06e43c667d5b6485d201aadca1eaee3baa8babd6209d3ef994c5}\"><i><b> <a href=\"http:\/\/www.usab-tm.ro\/\" target=\"_blank\" >Universitatea de \u0218tiin\u021be Agricole a Banatului din Timi\u0219oara<\/a><\/b><\/i><\/td>\r\n<\/tr>\r\n<tr>\r\n<td valign=\"middle\" width=\"40{373fd5072b9c06e43c667d5b6485d201aadca1eaee3baa8babd6209d3ef994c5}\" height=\"120px\"><a href=\"http:\/\/www.icf.ro\/\" target=\"_blank\" > <img decoding=\"async\" class=\"center\" src=\"..\/imagini\/logoIlieMurgulescu.png\" width=\"100px\" border=\"0\" \/><\/a><\/td>\r\n<td align=\"center\" valign=\"middle\" width=\"60{373fd5072b9c06e43c667d5b6485d201aadca1eaee3baa8babd6209d3ef994c5}\"><i><b> <a href=\"http:\/\/www.icf.ro\/\" target=\"_blank\" >Institutul de Chimie Fizic\u0103 I.G. Murgulescu al Academiei Rom\u00e2ne Bucure\u0219ti<\/a><\/b><\/i><\/td>\r\n<\/tr>\r\n<tr>\r\n<td valign=\"middle\" width=\"40{373fd5072b9c06e43c667d5b6485d201aadca1eaee3baa8babd6209d3ef994c5}\" height=\"120px\"><a href=\"http:\/\/www.imt.ro\/\" target=\"_blank\" > <img decoding=\"async\" class=\"center\" src=\"..\/imagini\/logoIMT.png\" width=\"100px\" border=\"0\" \/><\/a><\/td>\r\n<td align=\"center\" valign=\"middle\" width=\"60{373fd5072b9c06e43c667d5b6485d201aadca1eaee3baa8babd6209d3ef994c5}\"><i><b> <a href=\"http:\/\/www.imt.ro\/\" target=\"_blank\" >Institutul Na\u021bional de Cercetare-Dezvoltare pentru Microtehnologie Bucure\u0219ti<\/a><\/b><\/i><\/td>\r\n<\/tr>\r\n\r\n\r\n<tr>\r\n<td valign=\"middle\" width=\"40{373fd5072b9c06e43c667d5b6485d201aadca1eaee3baa8babd6209d3ef994c5}\" height=\"120px\"><a href=\"http:\/\/www.icmpp.ro\/\" target=\"_blank\" > <img decoding=\"async\" class=\"center\" src=\"\/wp\/wp-content\/uploads\/2019\/02\/poni_sigla.png\" width=\"100px\" border=\"0\" \/><\/a><\/td>\r\n<td align=\"center\" valign=\"middle\" width=\"60{373fd5072b9c06e43c667d5b6485d201aadca1eaee3baa8babd6209d3ef994c5}\"><i><b> <a href=\"http:\/\/www.icmpp.ro\/\" target=\"_blank\" >Institutul de Chimie Macromoleculara \u201cPetru Poni\u201d<\/a><\/b><\/i><\/td>\r\n<\/tr>\r\n\r\n<tr>\r\n<td valign=\"middle\" width=\"40{373fd5072b9c06e43c667d5b6485d201aadca1eaee3baa8babd6209d3ef994c5}\" height=\"120px\"><a href=\"http:\/\/www.umft.ro\/\" target=\"_blank\" > <img decoding=\"async\" class=\"center\" src=\"\/wp\/wp-content\/uploads\/2019\/02\/umft.png\" width=\"100px\" border=\"0\" \/><\/a><\/td>\r\n<td align=\"center\" valign=\"middle\" width=\"60{373fd5072b9c06e43c667d5b6485d201aadca1eaee3baa8babd6209d3ef994c5}\"><i><b> <a href=\"http:\/\/www.umft.ro\/\" target=\"_blank\" >Universitatea de Medicin\u0103 \u0219i Farmacie \u201eVictor Babe\u0219\u201d din Timi\u0219oara<\/a><\/b><\/i><\/td>\r\n<\/tr>\r\n<tr>\r\n<td valign=\"middle\" width=\"40{373fd5072b9c06e43c667d5b6485d201aadca1eaee3baa8babd6209d3ef994c5}\" height=\"120px\"><a href=\"http:\/\/www.unibuc.ro\/\" target=\"_blank\" > <img decoding=\"async\" class=\"center\" src=\"\/wp\/wp-content\/uploads\/2019\/02\/Logo-UB-black.png\" width=\"100px\" border=\"0\" \/><\/a><\/td>\r\n<td align=\"center\" valign=\"middle\" width=\"60{373fd5072b9c06e43c667d5b6485d201aadca1eaee3baa8babd6209d3ef994c5}\"><i><b> <a href=\"http:\/\/www.unibuc.ro\/\" target=\"_blank\" >Universitatea din Bucure\u0219ti<\/a><\/b><\/i><\/td>\r\n<\/tr>\r\n\r\n<tr>\r\n<td valign=\"middle\" width=\"40{373fd5072b9c06e43c667d5b6485d201aadca1eaee3baa8babd6209d3ef994c5}\" height=\"120px\"><a href=\"https:\/\/www.incdecoind.ro\/\" target=\"_blank\" > <img decoding=\"async\" class=\"center\" src=\"\/wp\/wp-content\/uploads\/2019\/02\/logo-incdecoind-m.jpg\" width=\"100px\" border=\"0\" \/><\/a><\/td>\r\n<td align=\"center\" valign=\"middle\" width=\"60{373fd5072b9c06e43c667d5b6485d201aadca1eaee3baa8babd6209d3ef994c5}\"><i><b> <a href=\"https:\/\/www.incdecoind.ro\/\" target=\"_blank\" >Institutul Na\u021bional de Cercetare-Dezvoltare pentru Ecologie Industrial\u0103<\/a><\/b><\/i><\/td>\r\n<\/tr>\r\n<tr>\r\n<td valign=\"middle\" width=\"40{373fd5072b9c06e43c667d5b6485d201aadca1eaee3baa8babd6209d3ef994c5}\" height=\"120px\"><a href=\"https:\/\/www.ubbcluj.ro\/\" target=\"_blank\" > <img decoding=\"async\" class=\"center\" src=\"\/wp\/wp-content\/uploads\/2019\/02\/logo_UBB_ro.png\" width=\"100px\" border=\"0\" \/><\/a><\/td>\r\n<td align=\"center\" valign=\"middle\" width=\"60{373fd5072b9c06e43c667d5b6485d201aadca1eaee3baa8babd6209d3ef994c5}\"><i><b> <a href=\"https:\/\/www.ubbcluj.ro\/\" target=\"_blank\" >Universitatea Babe\u015f-Bolyai<\/a><\/b><\/i><\/td>\r\n<\/tr>\r\n\r\n<\/tbody>\r\n<\/table>","protected":false},"excerpt":{"rendered":"Academia Rom\u00e2n\u0103 Academia Rom\u00e2n\u0103 &#8211; Filiala Timi\u0219oara Universitatea Politehnica Timi\u0219oara Universitatea de Vest Timi\u0219oara Institutul Na\u021bional de Cercetare-Dezvoltare pentru Electrochimie \u0219i Materie Condensat\u0103 Timi\u0219oara Institutul de Sudur\u0103 \u0219i \u00cencerc\u0103ri de Materiale Timi\u0219oara Universitatea de \u0218tiin\u021be Agricole a Banatului din Timi\u0219oara Institutul de Chimie Fizic\u0103 I.G. Murgulescu al Academiei Rom\u00e2ne Bucure\u0219ti Institutul Na\u021bional de Cercetare-Dezvoltare pentru &hellip; <a href=\"https:\/\/acad-icht.tm.edu.ro\/wp\/?page_id=121\">Continue reading <span class=\"meta-nav\">&rarr;<\/span><\/a>","protected":false},"author":1,"featured_media":0,"parent":0,"menu_order":0,"comment_status":"closed","ping_status":"closed","template":"","meta":{"footnotes":""},"class_list":["post-121","page","type-page","status-publish","hentry"],"featured_image_src":null,"_links":{"self":[{"href":"https:\/\/acad-icht.tm.edu.ro\/wp\/index.php?rest_route=\/wp\/v2\/pages\/121","targetHints":{"allow":["GET"]}}],"collection":[{"href":"https:\/\/acad-icht.tm.edu.ro\/wp\/index.php?rest_route=\/wp\/v2\/pages"}],"about":[{"href":"https:\/\/acad-icht.tm.edu.ro\/wp\/index.php?rest_route=\/wp\/v2\/types\/page"}],"author":[{"embeddable":true,"href":"https:\/\/acad-icht.tm.edu.ro\/wp\/index.php?rest_route=\/wp\/v2\/users\/1"}],"replies":[{"embeddable":true,"href":"https:\/\/acad-icht.tm.edu.ro\/wp\/index.php?rest_route=%2Fwp%2Fv2%2Fcomments&post=121"}],"version-history":[{"count":15,"href":"https:\/\/acad-icht.tm.edu.ro\/wp\/index.php?rest_route=\/wp\/v2\/pages\/121\/revisions"}],"predecessor-version":[{"id":694,"href":"https:\/\/acad-icht.tm.edu.ro\/wp\/index.php?rest_route=\/wp\/v2\/pages\/121\/revisions\/694"}],"wp:attachment":[{"href":"https:\/\/acad-icht.tm.edu.ro\/wp\/index.php?rest_route=%2Fwp%2Fv2%2Fmedia&parent=121"}],"curies":[{"name":"wp","href":"https:\/\/api.w.org\/{rel}","templated":true}]}}