{"id":141,"date":"2017-04-23T08:19:36","date_gmt":"2017-04-23T08:19:36","guid":{"rendered":"http:\/\/acad-icht.tm.edu.ro\/wp\/?page_id=141"},"modified":"2025-05-07T13:33:07","modified_gmt":"2025-05-07T11:33:07","slug":"departamente","status":"publish","type":"page","link":"https:\/\/acad-icht.tm.edu.ro\/wp\/?page_id=141","title":{"rendered":"Personal de cercetare"},"content":{"rendered":"<div lang=\"ro\">\n\n\n<h2 class=\"wp-block-heading has-text-color has-background has-medium-font-size\" style=\"color:#606973;background-color:#b9d4e5;font-style:normal;font-weight:400\"><strong>Cheminformatic\u0103 \u0219i alte metode de chimie computa\u021bional\u0103.<\/strong><br><em>coordonator: Dr. Sorin AVRAM<\/em><\/h2>\n\n\n\n<figure class=\"wp-block-table\"><table><tbody><tr><td>Cercet\u0103tor \u0219tiin\u021bific II<\/td><td>dr.\u200b Ramona Curpan<\/td><td>rcurpan@acad-icht.\u200btm.\u200bedu.\u200bro<\/td><\/tr><tr><td>Cercet\u0103tor \u0219tiin\u021bific II<\/td><td>dr.\u200b Sorin I. Avram<\/td><td>sorin_avram@acad-icht.\u200btm.\u200bedu.\u200bro<\/td><\/tr><tr><td>Cercet\u0103tor \u0219tiin\u021bific II<\/td><td>dr.\u200b Alina Mirela Bora<\/td><td>alina_bora@acad-icht.\u200btm.\u200bedu.\u200bro<\/td><\/tr><tr><td>Cercet\u0103tor \u0219tiin\u021bific III<\/td><td>dr.\u200b Ana Borota<\/td><td>ana_borota@acad-icht.\u200btm.\u200bedu.\u200bro<\/td><\/tr><tr><td>Cercet\u0103tor \u0219tiin\u021bific III<\/td><td>dr.\u200b Elena Lumini\u021ba Cri\u0219an<\/td><td>lumi_crisan@acad-icht.\u200btm.\u200bedu.\u200bro<\/td><\/tr><tr><td>Cercet\u0103tor \u0219tiin\u021bific III<\/td><td>dr.\u200b Liliana Halip<\/td><td>lili.\u200bostopovici@acad-icht.\u200btm.\u200bedu.\u200bro<\/td><\/tr><tr><td>Cercet\u0103tor \u0219tiin\u021bific III<\/td><td>dr.\u200b Cristian Neanu<\/td><td>cristi@acad-icht.\u200btm.\u200bedu.\u200bro<\/td><\/tr><tr><td class=\"has-text-align-left\" data-align=\"left\">Cercet\u0103tor \u0219tiin\u021bific III<\/td><td>dr.\u200b Sorin Alin Marinescu<\/td><td>smarinescu@acad-icht.\u200btm.\u200bedu.\u200bro<\/td><\/tr><tr><td>Cercet\u0103tor \u0219tiin\u021bific<\/td><td>chim.\u200b Daniela Maria Istrate<\/td><td>istrate.\u200bdana@acad-icht.\u200btm.\u200bedu.\u200bro<\/td><\/tr><tr><td>Asistent de cercetare \u0219tiin\u021bific\u0103<\/td><td>chim. Lucia Alexandra Gr\u0103dinaru<\/td><td>lgradinaru@acad-icht.\u200btm.\u200bedu.\u200bro<\/td><\/tr><tr><td>Asistent de cercetare \u0219tiin\u021bific\u0103<\/td><td>chim. Nicoleta Stoian<\/td><td>nstoian@acad-icht.\u200btm.\u200bedu.\u200bro<\/td><\/tr><tr><td>Asistent de cercetare \u0219tiin\u021bific\u0103<\/td><td>chim. Radu-Daniel Savulescu<\/td><td>rsavulescu@acad-icht.\u200btm.\u200bedu.\u200bro<\/td><\/tr><\/tbody><\/table><\/figure>\n\n\n\n<div style=\"height:30px\" aria-hidden=\"true\" class=\"wp-block-spacer\"><\/div>\n\n\n\n<h2 class=\"wp-block-heading has-text-color has-background has-medium-font-size\" style=\"color:#606973;background-color:#b9d4e5;font-style:normal;font-weight:400\"><strong>Compu\u0219i multifunc\u021bionali organici \u0219i polimerici &#8211; cu propriet\u0103\u021bi dirijate \u0219i aplica\u021bii \u00een protec\u021bia mediului \u0219i dezvoltare durabil\u0103.<\/strong><br><em>coordonator: Dr. Aurelia VI\u0218A<\/em><\/h2>\n\n\n\n<figure class=\"wp-block-table\"><table><tbody><tr><td class=\"has-text-align-left\" data-align=\"left\">Cercet\u0103tor \u0219tiin\u021bific I<\/td><td class=\"has-text-align-left\" data-align=\"left\">dr.\u200b Aurelia Vi\u0219a<\/td><td>avi\u200bsa@acad-icht.\u200btm.\u200bedu.\u200bro<\/td><\/tr><tr><td class=\"has-text-align-left\" data-align=\"left\">Cercet\u0103tor \u0219tiin\u021bific I<\/td><td class=\"has-text-align-left\" data-align=\"left\">dr.\u200b Adriana Popa<\/td><td>apopa@acad-icht.\u200btm.\u200bedu.\u200bro<\/td><\/tr><tr><td class=\"has-text-align-left\" data-align=\"left\">Cercet\u0103tor \u0219tiin\u021bific II<\/td><td class=\"has-text-align-left\" data-align=\"left\">dr.\u200b Simona Muntean<\/td><td>sgmuntean@acad-icht.\u200btm.\u200bedu.\u200bro<\/td><\/tr><tr><td class=\"has-text-align-left\" data-align=\"left\">Cercet\u0103tor \u0219tiin\u021bific II<\/td><td class=\"has-text-align-left\" data-align=\"left\">dr.\u200b Nicoleta Ple\u0219u<\/td><td>nplesu@acad-icht.\u200btm.\u200bedu.\u200bro<\/td><\/tr><tr><td class=\"has-text-align-left\" data-align=\"left\">Cercet\u0103tor \u0219tiin\u021bific II<\/td><td class=\"has-text-align-left\" data-align=\"left\">dr.\u200b Manuela Cri\u0219an<\/td><td>mcrisan@acad-icht.\u200btm.\u200bedu.\u200bro<\/td><\/tr><tr><td class=\"has-text-align-left\" data-align=\"left\">Cercet\u0103tor \u0219tiin\u021bific III<\/td><td class=\"has-text-align-left\" data-align=\"left\">dr.\u200b Maria R\u0103dulescu-Grad<\/td><td>mradulescugrad@acad-icht.\u200btm.\u200bedu.\u200bro<\/td><\/tr><tr><td class=\"has-text-align-left\" data-align=\"left\">Cercet\u0103tor \u0219tiin\u021bific<\/td><td class=\"has-text-align-left\" data-align=\"left\">dr.\u200b Haidu Daniela<\/td><td>haidu@acad-icht.\u200btm.\u200bedu.\u200bro<\/td><\/tr><tr><td class=\"has-text-align-left\" data-align=\"left\">Cercet\u0103tor \u0219tiin\u021bific<\/td><td class=\"has-text-align-left\" data-align=\"left\">ing.\u200b Maria Andreea Nistor<\/td><td>anistor@acad-icht.\u200btm.\u200bedu.\u200bro<\/td><\/tr><tr><td class=\"has-text-align-left\" data-align=\"left\">Cercet\u0103tor \u0219tiin\u021bific<\/td><td class=\"has-text-align-left\" data-align=\"left\">dr.\u200b \u021aar\u0103-Lung\u0103 Mihali Milica<\/td><td>tlmilica@acad-icht.\u200btm.\u200bedu.\u200bro<\/td><\/tr><tr><td class=\"has-text-align-left\" data-align=\"left\">Asistent de cercetare \u0219tiin\u021bific\u0103<\/td><td class=\"has-text-align-left\" data-align=\"left\">chim. Alexandru-R\u0103zvan Buhai<\/td><td>abuhai@acad-icht.\u200btm.\u200bedu.\u200bro<\/td><\/tr><tr><td class=\"has-text-align-left\" data-align=\"left\">Asistent de cercetare \u0219tiin\u021bific\u0103<\/td><td class=\"has-text-align-left\" data-align=\"left\">ing. Anemona-Mariana Cornea<\/td><td>acornea@acad-icht.\u200btm.\u200bedu.\u200bro<\/td><\/tr><tr><td class=\"has-text-align-left\" data-align=\"left\">Asistent de cercetare \u0219tiin\u021bific\u0103<\/td><td class=\"has-text-align-left\" data-align=\"left\">chim. Marcela Georgiana Iosivoni<\/td><td>marcela@acad-icht.\u200btm.\u200bedu.\u200bro<\/td><\/tr><\/tbody><\/table><\/figure>\n\n\n\n<div style=\"height:30px\" aria-hidden=\"true\" class=\"wp-block-spacer\"><\/div>\n\n\n\n<h2 class=\"wp-block-heading has-text-color has-background\" style=\"color:#606973;background-color:#b9d4e5;font-size:18px;font-style:normal;font-weight:400\"><strong>Chimia \u015fi aplica\u0163iile compu\u015filor tetrapirolici din clasa porfirinelor.<\/strong><br><em>coordonator: Dr. Aurelia VI\u0218A<\/em><\/h2>\n\n\n\n<figure class=\"wp-block-table\"><table><tbody><tr><td>Cercet\u0103tor \u0219tiin\u021bific III<\/td><td>dr.\u200b Anca Lascu<\/td><td>alascu@acad-icht.\u200btm.\u200bedu.\u200bro<\/td><\/tr><tr><td>Cercet\u0103tor \u0219tiin\u021bific<\/td><td>dr.\u200b Maria Fr\u00eengu<\/td><td>mcreanga@acad-icht.\u200btm.\u200bedu.\u200bro<\/td><\/tr><tr><td>Cercet\u0103tor \u0219tiin\u021bific<\/td><td>dr. Camelia Epuran<\/td><td>ecamelia@acad-icht.\u200btm.\u200bedu.\u200bro<\/td><\/tr><tr><td>Cercet\u0103tor \u0219tiin\u021bific<\/td><td>dr. Ion Fr\u0103\u021bilescu<\/td><td>ionfratilescu@acad-icht.\u200btm.\u200bedu.\u200bro<\/td><\/tr><\/tbody><\/table><\/figure>\n\n\n\n<div style=\"height:30px\" aria-hidden=\"true\" class=\"wp-block-spacer\"><\/div>\n\n\n\n<h2 class=\"wp-block-heading has-text-color has-background has-medium-font-size\" style=\"color:#606973;background-color:#b9d4e5;font-style:normal;font-weight:400\"><strong>Ob\u021binerea de compu\u015fi multifunc\u021bionali cu relevan\u021b\u0103 \u00een \u015ftiin\u021ba materialelor nanostructurate, biochimie sau protec\u021bia mediului.<\/strong><br><em>coordonator: <em>Dr. Elisabeta SZERB<\/em><\/em><\/h2>\n\n\n\n<figure class=\"wp-block-table\"><table><tbody><tr><td class=\"has-text-align-left\" data-align=\"left\">Cercet\u0103tor \u0219tiin\u021bific I<\/td><td>dr.\u200b Elisabeta Szerb<\/td><td>eszerb@acad-icht.\u200btm.\u200bedu.\u200bro<br>szella73@gmail.\u200bcom<\/td><\/tr><tr><td class=\"has-text-align-left\" data-align=\"left\">Cercet\u0103tor \u0219tiin\u021bific II<\/td><td>dr.\u200b Ana-Maria Lacr\u0103m\u0103<\/td><td>lacramaam@acad-icht.\u200btm.\u200bedu.\u200bro<\/td><\/tr><tr><td class=\"has-text-align-left\" data-align=\"left\">Cercet\u0103tor \u0219tiin\u021bific II<\/td><td>dr.\u200b Sorina Ilie\u0219<\/td><td>sorinailies@acad-icht.\u200btm.\u200bedu.\u200bro<\/td><\/tr><tr><td class=\"has-text-align-left\" data-align=\"left\">Cercet\u0103tor \u0219tiin\u021bific III<\/td><td>dr.\u200b Ildiko Buta<\/td><td>ildiko_buta@acad-icht.\u200btm.\u200bedu.\u200bro<\/td><\/tr><tr><td class=\"has-text-align-left\" data-align=\"left\">Cercet\u0103tor \u0219tiin\u021bific III<\/td><td>dr.\u200b Daniela Carmen Cre\u021bu<\/td><td>cretucarmen@acad-icht.\u200btm.\u200bedu.\u200bro<\/td><\/tr><tr><td class=\"has-text-align-left\" data-align=\"left\">Cercet\u0103tor \u0219tiin\u021bific III<\/td><td>dr.\u200b Livia Deveseleanu-Corici<\/td><td>lcorici@acad-icht.\u200btm.\u200bedu.\u200bro<\/td><\/tr><tr><td class=\"has-text-align-left\" data-align=\"left\">Cercet\u0103tor \u0219tiin\u021bific III<\/td><td>dr.\u200b C\u0103t\u0103lin Ian\u0103\u0219i<\/td><td>ianasic@acad-icht.\u200btm.\u200bedu.\u200bro<\/td><\/tr><tr><td class=\"has-text-align-left\" data-align=\"left\">Cercet\u0103tor \u0219tiin\u021bific III<\/td><td>dr.\u200b Orsina Verde\u0219<\/td><td>orsinaverdes@acad-icht.\u200btm.\u200bedu.\u200bro<\/td><\/tr><tr><td class=\"has-text-align-left\" data-align=\"left\">Cercet\u0103tor \u0219tiin\u021bific III<\/td><td>dr.\u200b Adelina A. Andelescu\u200b<\/td><td>a<i><\/i>andelescu@acad-icht.\u200btm.\u200bedu.\u200bro<\/td><\/tr><tr><td class=\"has-text-align-left\" data-align=\"left\">Cercet\u0103tor \u0219tiin\u021bific III<\/td><td>dr.\u200b Silvana Borc\u0103nescu<\/td><td>sborcanescu@acad-icht.\u200btm.\u200bedu.\u200bro<\/td><\/tr><tr><td class=\"has-text-align-left\" data-align=\"left\">Cercet\u0103tor \u0219tiin\u021bific<\/td><td>dr.\u200b Roxana Nicola<\/td><td>rcrisan@acad-icht.\u200btm.\u200bedu.\u200bro<\/td><\/tr><tr><td class=\"has-text-align-left\" data-align=\"left\">Cercet\u0103tor \u0219tiin\u021bific<\/td><td>dr.\u200b Mariana Suba<\/td><td>mariana_\u200bsuba@acad-icht.\u200btm.\u200bedu.\u200bro<\/td><\/tr><tr><td class=\"has-text-align-left\" data-align=\"left\">Asistent de cercetare \u0219tiin\u021bific\u0103<\/td><td>farmacist Bogdan-Ionu\u0163 Mara<\/td><td>bmara@acad-icht.\u200btm.\u200bedu.\u200bro<\/td><\/tr><tr><td class=\"has-text-align-left\" data-align=\"left\">Asistent de cercetare \u0219tiin\u021bific\u0103<\/td><td>ing.\u200b Evelyn Popa<\/td><td>pevelyn@acad-icht.\u200btm.\u200bedu.\u200bro<\/td><\/tr><tr><td class=\"has-text-align-left\" data-align=\"left\">Asistent de cercetare \u0219tiin\u021bific\u0103<\/td><td>ing.\u200b Alexandru Vi\u0219an<\/td><td>visan.alexandru@acad-icht.\u200btm.\u200bedu.\u200bro<\/td><\/tr><tr><td class=\"has-text-align-left\" data-align=\"left\">Asistent de cercetare \u0219tiin\u021bific\u0103<\/td><td>chim. Diana Oana Rusu<\/td><td>drusu@acad-icht.\u200btm.\u200bedu.\u200bro<\/td><\/tr><tr><td class=\"has-text-align-left\" data-align=\"left\">Asistent de cercetare \u0219tiin\u021bific\u0103<\/td><td>ing. Raluca-Alexandra Danciar<\/td><td>rdanciar@acad-icht.\u200btm.\u200bedu.\u200bro<\/td><\/tr><tr><td class=\"has-text-align-left\" data-align=\"left\">Asistent de cercetare \u0219tiin\u021bific\u0103<\/td><td>biolog Cezarina-Alina Schild-Kirer<\/td><td>cschild@acad-icht.\u200btm.\u200bedu.\u200bro<\/td><\/tr><\/tbody><\/table><\/figure>\n\n\n<\/div>","protected":false},"excerpt":{"rendered":"Cheminformatic\u0103 \u0219i alte metode de chimie computa\u021bional\u0103.coordonator: Dr. Sorin AVRAM Cercet\u0103tor \u0219tiin\u021bific IIdr.\u200b Ramona Curpanrcurpan@acad-icht.\u200btm.\u200bedu.\u200broCercet\u0103tor \u0219tiin\u021bific IIdr.\u200b Sorin I. Avramsorin_avram@acad-icht.\u200btm.\u200bedu.\u200broCercet\u0103tor \u0219tiin\u021bific IIdr.\u200b Alina Mirela Boraalina_bora@acad-icht.\u200btm.\u200bedu.\u200broCercet\u0103tor \u0219tiin\u021bific IIIdr.\u200b Ana Borotaana_borota@acad-icht.\u200btm.\u200bedu.\u200broCercet\u0103tor \u0219tiin\u021bific IIIdr.\u200b Elena Lumini\u021ba Cri\u0219anlumi_crisan@acad-icht.\u200btm.\u200bedu.\u200broCercet\u0103tor \u0219tiin\u021bific IIIdr.\u200b Liliana Haliplili.\u200bostopovici@acad-icht.\u200btm.\u200bedu.\u200broCercet\u0103tor \u0219tiin\u021bific IIIdr.\u200b Cristian Neanucristi@acad-icht.\u200btm.\u200bedu.\u200broCercet\u0103tor \u0219tiin\u021bific IIIdr.\u200b Sorin Alin Marinescusmarinescu@acad-icht.\u200btm.\u200bedu.\u200broCercet\u0103tor \u0219tiin\u021bificchim.\u200b Daniela Maria Istrateistrate.\u200bdana@acad-icht.\u200btm.\u200bedu.\u200broAsistent de cercetare \u0219tiin\u021bific\u0103chim. Lucia &hellip; <a href=\"https:\/\/acad-icht.tm.edu.ro\/wp\/?page_id=141\">Continue reading <span class=\"meta-nav\">&rarr;<\/span><\/a>","protected":false},"author":1,"featured_media":0,"parent":0,"menu_order":0,"comment_status":"closed","ping_status":"closed","template":"","meta":{"footnotes":""},"class_list":["post-141","page","type-page","status-publish","hentry"],"featured_image_src":null,"_links":{"self":[{"href":"https:\/\/acad-icht.tm.edu.ro\/wp\/index.php?rest_route=\/wp\/v2\/pages\/141","targetHints":{"allow":["GET"]}}],"collection":[{"href":"https:\/\/acad-icht.tm.edu.ro\/wp\/index.php?rest_route=\/wp\/v2\/pages"}],"about":[{"href":"https:\/\/acad-icht.tm.edu.ro\/wp\/index.php?rest_route=\/wp\/v2\/types\/page"}],"author":[{"embeddable":true,"href":"https:\/\/acad-icht.tm.edu.ro\/wp\/index.php?rest_route=\/wp\/v2\/users\/1"}],"replies":[{"embeddable":true,"href":"https:\/\/acad-icht.tm.edu.ro\/wp\/index.php?rest_route=%2Fwp%2Fv2%2Fcomments&post=141"}],"version-history":[{"count":139,"href":"https:\/\/acad-icht.tm.edu.ro\/wp\/index.php?rest_route=\/wp\/v2\/pages\/141\/revisions"}],"predecessor-version":[{"id":4969,"href":"https:\/\/acad-icht.tm.edu.ro\/wp\/index.php?rest_route=\/wp\/v2\/pages\/141\/revisions\/4969"}],"wp:attachment":[{"href":"https:\/\/acad-icht.tm.edu.ro\/wp\/index.php?rest_route=%2Fwp%2Fv2%2Fmedia&parent=141"}],"curies":[{"name":"wp","href":"https:\/\/api.w.org\/{rel}","templated":true}]}}