{"id":1445,"date":"2021-05-28T09:59:29","date_gmt":"2021-05-28T07:59:29","guid":{"rendered":"https:\/\/acad-icht.tm.edu.ro\/wp\/?page_id=1445"},"modified":"2024-10-10T08:23:35","modified_gmt":"2024-10-10T06:23:35","slug":"scoala-doctorala","status":"publish","type":"page","link":"https:\/\/acad-icht.tm.edu.ro\/wp\/?page_id=1445","title":{"rendered":"\u0218coala doctoral\u0103"},"content":{"rendered":"\n<div class=\"wp-block-group\"><div class=\"wp-block-group__inner-container is-layout-constrained wp-block-group-is-layout-constrained\"><div style=\"gap: 20px;\" class=\"align-button-center ub-buttons orientation-button-row ub-flex-wrap wp-block-ub-button\" id=\"ub-button-4ea70951-372c-4ebb-97ce-5ea8f2e20fa2\"><div class=\"ub-button-container\">\n\t\t\t<a href=\"https:\/\/acad-icht.tm.edu.ro\/wp\/?page_id=1454\" target=\"_self\" class=\"ub-button-block-main   ub-button-flex\" role=\"button\" style=\"--ub-button-background-color: #0693e3; --ub-button-color: #ffffff; --ub-button-border: none; --ub-button-hover-background-color: #abb8c3; --ub-button-hover-color: #ffffff; --ub-button-hover-border: none; padding-top: 10px; padding-right: 10px; padding-bottom: 10px; padding-left: 10px; border-top-left-radius: 10px;; border-top-right-radius: 10px;; border-bottom-left-radius: 10px;; border-bottom-right-radius: 10px;; \">\n\t\t\t\t<div class=\"ub-button-content-holder\" style=\"flex-direction: row\">\n\t\t\t\t\t<span class=\"ub-button-block-btn\">Admitere<\/span>\n\t\t\t\t<\/div>\n\t\t\t<\/a>\n\t\t<\/div><div class=\"ub-button-container\">\n\t\t\t<a href=\"https:\/\/acad-icht.tm.edu.ro\/wp\/?page_id=1455\" target=\"_self\" class=\"ub-button-block-main   ub-button-flex\" role=\"button\" style=\"--ub-button-background-color: #0693e3; --ub-button-color: #ffffff; --ub-button-border: none; --ub-button-hover-background-color: #abb8c3; --ub-button-hover-color: #ffffff; --ub-button-hover-border: none; padding-top: 10px; padding-right: 10px; padding-bottom: 10px; padding-left: 10px; border-top-left-radius: 10px;; border-top-right-radius: 10px;; border-bottom-left-radius: 10px;; border-bottom-right-radius: 10px;; \">\n\t\t\t\t<div class=\"ub-button-content-holder\" style=\"flex-direction: row\">\n\t\t\t\t\t<span class=\"ub-button-block-btn\">Conducatori<\/span>\n\t\t\t\t<\/div>\n\t\t\t<\/a>\n\t\t<\/div><div class=\"ub-button-container\">\n\t\t\t<a href=\"https:\/\/acad-icht.tm.edu.ro\/wp\/?page_id=1456\" target=\"_self\" class=\"ub-button-block-main   ub-button-flex\" role=\"button\" style=\"--ub-button-background-color: #0693e3; --ub-button-color: #ffffff; --ub-button-border: none; --ub-button-hover-background-color: #abb8c3; --ub-button-hover-color: #ffffff; --ub-button-hover-border: none; padding-top: 10px; padding-right: 10px; padding-bottom: 10px; padding-left: 10px; border-top-left-radius: 10px;; border-top-right-radius: 10px;; border-bottom-left-radius: 10px;; border-bottom-right-radius: 10px;; \">\n\t\t\t\t<div class=\"ub-button-content-holder\" style=\"flex-direction: row\">\n\t\t\t\t\t<span class=\"ub-button-block-btn\">Doctoranzi<\/span>\n\t\t\t\t<\/div>\n\t\t\t<\/a>\n\t\t<\/div><div class=\"ub-button-container\">\n\t\t\t<a href=\"https:\/\/acad-icht.tm.edu.ro\/wp\/?page_id=1457\" target=\"_self\" class=\"ub-button-block-main   ub-button-flex\" role=\"button\" style=\"--ub-button-background-color: #0693e3; --ub-button-color: #ffffff; --ub-button-border: none; --ub-button-hover-background-color: #abb8c3; --ub-button-hover-color: #ffffff; --ub-button-hover-border: none; padding-top: 10px; padding-right: 10px; padding-bottom: 10px; padding-left: 10px; border-top-left-radius: 10px;; border-top-right-radius: 10px;; border-bottom-left-radius: 10px;; border-bottom-right-radius: 10px;; \">\n\t\t\t\t<div class=\"ub-button-content-holder\" style=\"flex-direction: row\">\n\t\t\t\t\t<span class=\"ub-button-block-btn\">Sustineri Teze<\/span>\n\t\t\t\t<\/div>\n\t\t\t<\/a>\n\t\t<\/div><div class=\"ub-button-container\">\n\t\t\t<a href=\"https:\/\/acad-icht.tm.edu.ro\/wp\/?page_id=1984\" target=\"_self\" class=\"ub-button-block-main   ub-button-flex\" role=\"button\" style=\"--ub-button-background-color: #0693e3; --ub-button-color: #ffffff; --ub-button-border: none; --ub-button-hover-background-color: #abb8c3; --ub-button-hover-color: #ffffff; --ub-button-hover-border: none; padding-top: 10px; padding-right: 10px; padding-bottom: 10px; padding-left: 10px; border-top-left-radius: 10px;; border-top-right-radius: 10px;; border-bottom-left-radius: 10px;; border-bottom-right-radius: 10px;; \">\n\t\t\t\t<div class=\"ub-button-content-holder\" style=\"flex-direction: row\">\n\t\t\t\t\t<span class=\"ub-button-block-btn\">Ghiduri<\/span>\n\t\t\t\t<\/div>\n\t\t\t<\/a>\n\t\t<\/div><\/div><\/div><\/div>\n\n\n\n<p>Conform <i>HG 681\/2011<\/i>, <b>studiile universitare de doctorat<\/b> reprezint\u0103 ciclul superior de studii universitare a c\u0103rui finalitate const\u0103 \u00een dezvoltarea resursei umane competente \u00een realizarea cercet\u0103rii \u0219tiin\u021bifice, capabile de inser\u021bie pe pia\u021ba muncii \u00eenalt calificate. Ele constau \u00een formarea prin cercetare pentru cercetare-dezvoltare \u0219i inovare \u0219i constituie o experien\u021b\u0103 profesional\u0103 de cercetare, finalizat\u0103, dup\u0103 sus\u021binerea tezei de doctorat, prin acordarea titlului de doctor.<\/p>\n\n\n\n<div style=\"height:40px\" aria-hidden=\"true\" class=\"wp-block-spacer\"><\/div>\n\n\n<div class=\"wp-block-ub-divider ub_divider ub-divider-orientation-horizontal\" id=\"ub_divider_4df2178b-dc67-43bf-92e6-04503a74c9ed\"><div class=\"ub_divider_wrapper\" style=\"position: relative; margin-bottom: 2px; width: 100%; height: 2px; \" data-divider-alignment=\"center\"><div class=\"ub_divider_line\" style=\"border-top: 2px solid #ccc; margin-top: 2px; \"><\/div><\/div><\/div>\n\n\n<p><strong><mark style=\"background-color:rgba(0, 0, 0, 0)\" class=\"has-inline-color has-cyan-bluish-gray-color\">Institutul de Chimie \u201eCoriolan Dr\u0103gulescu\u201d<\/mark><\/strong><\/p>\n\n\n\n<p>Institutul de Chimie \u201eCoriolan Dr\u0103gulescu\u201d (ICCD), ca institut component al Academiei Rom\u00e2ne, este unitate de cercetare abilitat\u0103 (I.C.A.) s\u0103 organizeze doctorate \u00een sistemul academic pentru conduc\u0103torii de doctorat care au optat s\u0103 conduc\u0103 doctorate \u00een sistemul de cercetare academic c\u0103rora li s-au aprobat locuri de admitere, prin hot\u0103r\u00e2rea Prezidiului Academiei Rom\u00e2ne.<\/p>\n\n\n\n<div style=\"height:40px\" aria-hidden=\"true\" class=\"wp-block-spacer\"><\/div>\n\n\n<div class=\"wp-block-ub-divider ub_divider ub-divider-orientation-horizontal\" id=\"ub_divider_9ccfb498-6278-4353-99de-33ceaf5297d7\"><div class=\"ub_divider_wrapper\" style=\"position: relative; margin-bottom: 2px; width: 100%; height: 2px; \" data-divider-alignment=\"center\"><div class=\"ub_divider_line\" style=\"border-top: 2px solid #ccc; margin-top: 2px; \"><\/div><\/div><\/div>\n\n\n<p><strong><a href=\"https:\/\/icmpp.ro\/sdsc\/\">SCOSAAR<\/a><\/strong><\/p>\n\n\n\n<p><strong>Academia Rom\u00e2n\u0103<\/strong>&nbsp;organizeaz\u0103 studiile universitare de doctorat \u00een conformitate cu prevederile Legii educa\u0163iei na\u0163ionale \u015fi Legii nr. 752\/2001 privind organizarea \u015fi func\u0163ionarea Academiei Rom\u00e2ne, cu complet\u0103rile \u015fi modific\u0103rile ulterioare.<\/p>\n\n\n\n<p><br><strong>Academia Rom\u00e2n\u0103<\/strong> este institu\u0163ie organizatoare de studii universitare de doctorat prin \u015ecoala Doctoral\u0103 numit\u0103 <strong><em>\u201e\u015ecoala de Studii Avansate a Academiei Rom\u00e2ne\u201d &#8211; SCOSAAR.<\/em><\/strong> Organizarea studiilor universitare de doctorat se face pe baza Regulamentului SCOSAAR, aprobat de Prezidiul Academiei Rom\u00e2ne.<\/p>\n\n\n\n<p><br>Obiectivul fundamental al organiz\u0103rii \u015fi desf\u0103\u015fur\u0103rii studiilor universitare de doctorat \u00een&nbsp;<strong><em>SCOSAAR<\/em><\/strong>&nbsp;\u00eel constituie formarea speciali\u015ftilor de elit\u0103, \u00eenalt califica\u0163i, pentru cercetarea \u015ftiin\u0163ific\u0103 academic\u0103, pentru \u00eenv\u0103\u0163\u0103m\u00e2ntul universitar \u015fi pentru domenii de activitate administrativ\u0103 \u015fi managerial\u0103.<\/p>\n\n\n<div class=\"wp-block-ub-divider ub_divider ub-divider-orientation-horizontal\" id=\"ub_divider_03b302dc-4803-4dc4-9f23-6b67fe076cbf\"><div class=\"ub_divider_wrapper\" style=\"position: relative; margin-bottom: 2px; width: 100%; height: 2px; \" data-divider-alignment=\"center\"><div class=\"ub_divider_line\" style=\"border-top: 2px solid #ccc; margin-top: 2px; \"><\/div><\/div><\/div>","protected":false},"excerpt":{"rendered":"Conform HG 681\/2011, studiile universitare de doctorat reprezint\u0103 ciclul superior de studii universitare a c\u0103rui finalitate const\u0103 \u00een dezvoltarea resursei umane competente \u00een realizarea cercet\u0103rii \u0219tiin\u021bifice, capabile de inser\u021bie pe pia\u021ba muncii \u00eenalt calificate. Ele constau \u00een formarea prin cercetare pentru cercetare-dezvoltare \u0219i inovare \u0219i constituie o experien\u021b\u0103 profesional\u0103 de cercetare, finalizat\u0103, dup\u0103 sus\u021binerea tezei &hellip; <a href=\"https:\/\/acad-icht.tm.edu.ro\/wp\/?page_id=1445\">Continue reading <span class=\"meta-nav\">&rarr;<\/span><\/a>","protected":false},"author":1,"featured_media":0,"parent":0,"menu_order":0,"comment_status":"closed","ping_status":"closed","template":"","meta":{"footnotes":""},"class_list":["post-1445","page","type-page","status-publish","hentry"],"featured_image_src":null,"_links":{"self":[{"href":"https:\/\/acad-icht.tm.edu.ro\/wp\/index.php?rest_route=\/wp\/v2\/pages\/1445","targetHints":{"allow":["GET"]}}],"collection":[{"href":"https:\/\/acad-icht.tm.edu.ro\/wp\/index.php?rest_route=\/wp\/v2\/pages"}],"about":[{"href":"https:\/\/acad-icht.tm.edu.ro\/wp\/index.php?rest_route=\/wp\/v2\/types\/page"}],"author":[{"embeddable":true,"href":"https:\/\/acad-icht.tm.edu.ro\/wp\/index.php?rest_route=\/wp\/v2\/users\/1"}],"replies":[{"embeddable":true,"href":"https:\/\/acad-icht.tm.edu.ro\/wp\/index.php?rest_route=%2Fwp%2Fv2%2Fcomments&post=1445"}],"version-history":[{"count":8,"href":"https:\/\/acad-icht.tm.edu.ro\/wp\/index.php?rest_route=\/wp\/v2\/pages\/1445\/revisions"}],"predecessor-version":[{"id":4357,"href":"https:\/\/acad-icht.tm.edu.ro\/wp\/index.php?rest_route=\/wp\/v2\/pages\/1445\/revisions\/4357"}],"wp:attachment":[{"href":"https:\/\/acad-icht.tm.edu.ro\/wp\/index.php?rest_route=%2Fwp%2Fv2%2Fmedia&parent=1445"}],"curies":[{"name":"wp","href":"https:\/\/api.w.org\/{rel}","templated":true}]}}