{"id":1456,"date":"2021-05-28T10:15:16","date_gmt":"2021-05-28T08:15:16","guid":{"rendered":"https:\/\/acad-icht.tm.edu.ro\/wp\/?page_id=1456"},"modified":"2026-01-13T08:00:57","modified_gmt":"2026-01-13T06:00:57","slug":"doctoranzi","status":"publish","type":"page","link":"https:\/\/acad-icht.tm.edu.ro\/wp\/?page_id=1456","title":{"rendered":"Doctoranzi"},"content":{"rendered":"\n<div class=\"wp-block-group\"><div class=\"wp-block-group__inner-container is-layout-constrained wp-block-group-is-layout-constrained\"><div style=\"gap: 20px;\" class=\"align-button-center ub-buttons orientation-button-row ub-flex-wrap wp-block-ub-button\" id=\"ub-button-e9ac553e-7d8c-4b96-8e96-d5caec1e5160\"><div class=\"ub-button-container\">\n\t\t\t<a href=\"https:\/\/acad-icht.tm.edu.ro\/wp\/?page_id=1454\" target=\"_self\" class=\"ub-button-block-main   ub-button-flex\" role=\"button\" style=\"--ub-button-background-color: #0693e3; --ub-button-color: #ffffff; --ub-button-border: none; --ub-button-hover-background-color: #abb8c3; --ub-button-hover-color: #ffffff; --ub-button-hover-border: none; font-size: 13px; padding-top: 10px; padding-right: 10px; padding-bottom: 10px; padding-left: 10px; border-top-left-radius: 10px;; border-top-right-radius: 10px;; border-bottom-left-radius: 10px;; border-bottom-right-radius: 10px;; \">\n\t\t\t\t<div class=\"ub-button-content-holder\" style=\"flex-direction: row\">\n\t\t\t\t\t<span class=\"ub-button-block-btn\">Admitere<\/span>\n\t\t\t\t<\/div>\n\t\t\t<\/a>\n\t\t<\/div><div class=\"ub-button-container\">\n\t\t\t<a href=\"https:\/\/acad-icht.tm.edu.ro\/wp\/?page_id=1455\" target=\"_self\" class=\"ub-button-block-main   ub-button-flex\" role=\"button\" style=\"--ub-button-background-color: #0693e3; --ub-button-color: #ffffff; --ub-button-border: none; --ub-button-hover-background-color: #abb8c3; --ub-button-hover-color: #ffffff; --ub-button-hover-border: none; padding-top: 10px; padding-right: 10px; padding-bottom: 10px; padding-left: 10px; border-top-left-radius: 10px;; border-top-right-radius: 10px;; border-bottom-left-radius: 10px;; border-bottom-right-radius: 10px;; \">\n\t\t\t\t<div class=\"ub-button-content-holder\" style=\"flex-direction: row\">\n\t\t\t\t\t<span class=\"ub-button-block-btn\">Conducatori<\/span>\n\t\t\t\t<\/div>\n\t\t\t<\/a>\n\t\t<\/div><div class=\"ub-button-container\">\n\t\t\t<a href=\"https:\/\/acad-icht.tm.edu.ro\/wp\/?page_id=1456\" target=\"_self\" class=\"ub-button-block-main   ub-button-flex\" role=\"button\" style=\"--ub-button-background-color: #0693e3; --ub-button-color: #ffffff; --ub-button-border: none; --ub-button-hover-background-color: #abb8c3; --ub-button-hover-color: #ffffff; --ub-button-hover-border: none; padding-top: 10px; padding-right: 10px; padding-bottom: 10px; padding-left: 10px; border-top-left-radius: 10px;; border-top-right-radius: 10px;; border-bottom-left-radius: 10px;; border-bottom-right-radius: 10px;; \">\n\t\t\t\t<div class=\"ub-button-content-holder\" style=\"flex-direction: row\">\n\t\t\t\t\t<span class=\"ub-button-block-btn\">Doctoranzi<\/span>\n\t\t\t\t<\/div>\n\t\t\t<\/a>\n\t\t<\/div><div class=\"ub-button-container\">\n\t\t\t<a href=\"https:\/\/acad-icht.tm.edu.ro\/wp\/?page_id=1457\" target=\"_self\" class=\"ub-button-block-main   ub-button-flex\" role=\"button\" style=\"--ub-button-background-color: #0693e3; --ub-button-color: #ffffff; --ub-button-border: none; --ub-button-hover-background-color: #abb8c3; --ub-button-hover-color: #ffffff; --ub-button-hover-border: none; padding-top: 10px; padding-right: 10px; padding-bottom: 10px; padding-left: 10px; border-top-left-radius: 10px;; border-top-right-radius: 10px;; border-bottom-left-radius: 10px;; border-bottom-right-radius: 10px;; \">\n\t\t\t\t<div class=\"ub-button-content-holder\" style=\"flex-direction: row\">\n\t\t\t\t\t<span class=\"ub-button-block-btn\">Sustineri Teze<\/span>\n\t\t\t\t<\/div>\n\t\t\t<\/a>\n\t\t<\/div><div class=\"ub-button-container\">\n\t\t\t<a href=\"https:\/\/acad-icht.tm.edu.ro\/wp\/?page_id=1984\" target=\"_self\" class=\"ub-button-block-main   ub-button-flex\" role=\"button\" style=\"--ub-button-background-color: #0693e3; --ub-button-color: #ffffff; --ub-button-border: none; --ub-button-hover-background-color: #abb8c3; --ub-button-hover-color: #ffffff; --ub-button-hover-border: none; padding-top: 10px; padding-right: 10px; padding-bottom: 10px; padding-left: 10px; border-top-left-radius: 10px;; border-top-right-radius: 10px;; border-bottom-left-radius: 10px;; border-bottom-right-radius: 10px;; \">\n\t\t\t\t<div class=\"ub-button-content-holder\" style=\"flex-direction: row\">\n\t\t\t\t\t<span class=\"ub-button-block-btn\">Ghiduri<\/span>\n\t\t\t\t<\/div>\n\t\t\t<\/a>\n\t\t<\/div><\/div><\/div><\/div>\n\n\n\n<h2 class=\"wp-block-heading has-text-align-center\"><\/h2>\n\n\n<div class=\"wp-block-ub-content-toggle wp-block-ub-content-toggle-block\" id=\"ub-content-toggle-block-482a8e0f-1e54-43e3-8037-d93a350a26a0\" data-mobilecollapse=\"false\" data-desktopcollapse=\"false\" data-preventcollapse=\"false\" data-showonlyone=\"true\">\n<div class=\"wp-block-ub-content-toggle-accordion\" style=\"border-color: #f1f1f1; \" id=\"ub-content-toggle-panel-block-\">\n\t\t\t<div class=\"wp-block-ub-content-toggle-accordion-title-wrap\" style=\"background-color: #f1f1f1;\" aria-controls=\"ub-content-toggle-panel-0-482a8e0f-1e54-43e3-8037-d93a350a26a0\" tabindex=\"0\">\n\t\t\t<p class=\"wp-block-ub-content-toggle-accordion-title ub-content-toggle-title-482a8e0f-1e54-43e3-8037-d93a350a26a0\" style=\"color: #4c7288; \"><strong>2025<\/strong><\/p>\n\t\t\t<div class=\"wp-block-ub-content-toggle-accordion-toggle-wrap right\" style=\"color: #000000;\"><span class=\"wp-block-ub-content-toggle-accordion-state-indicator wp-block-ub-chevron-down\"><\/span><\/div>\n\t\t<\/div>\n\t\t\t<div role=\"region\" aria-expanded=\"false\" class=\"wp-block-ub-content-toggle-accordion-content-wrap ub-hide\" id=\"ub-content-toggle-panel-0-482a8e0f-1e54-43e3-8037-d93a350a26a0\">\n\n<p><strong>Alina GOGU<\/strong><br><strong>Conducator doctorat: <\/strong>Dr. Liliana CSEH<br><strong>Titlul tezei (RO\/EN):<\/strong> Ob\u021binerea \u0219i caracterizarea unor principii active din subproduse rezultate \u00een industria sucurilor naturale \u0219i explorarea poten\u021bialului lor biologic activ \/ Obtaining and characterizing active principles from by-products resulting from the natural juice industry and exploring their biologically active potential.<\/p>\n\n\n\n<p><br><strong>Ioana ANDREI<\/strong><br><strong>Conducator doctorat:<\/strong> Dr. Liliana CSEH<br><strong>Titlul tezei (RO\/EN):<\/strong> Sinteza \u0219i caracterizarea unor compu\u0219i organici noi: poten\u021bial inhibitori ai anhidrazei carbonice \/ Synthesis and characterization of new organic compounds: potential carbonic anhydrase inhibitors<\/p>\n\n\n\n<p><br><strong>Marcela IOSIVONI<\/strong><br><strong>Conducator doctorat:<\/strong> Dr. Nicoleta PLE\u0218U<br><strong>Titlul tezei (RO\/EN):<\/strong> Abord\u0103ri interdisciplinare \u00een dezvoltarea materialelor multifunc\u021bionale pe baz\u0103 de re\u021bele metal organice \/ Interdisciplinary approaches for the development of multifunctional materials based on metal organic frameworks<\/p>\n\n\n\n<p><br><strong>Raluca DANCIAR<\/strong><br><strong>Conducator doctorat:<\/strong> Dr. Elisabeta SZERB<br><strong>Titlul tezei (RO\/EN):<\/strong> Materiale func\u0163ionale pe baz\u0103 de combina\u0163ii complexe ale metalelor din blocul d cu propriet\u0103\u0163i cristalin-lichide liotrope \u00een ap\u0103 \/ Functional materials based on d-block coordination complexes with lyotropic liquid crystalline properties in water<\/p>\n\n\n\n<p><\/p>\n\n<\/div>\n\t\t<\/div>\n\n<div class=\"wp-block-ub-content-toggle-accordion\" style=\"border-color: #f1f1f1; \" id=\"ub-content-toggle-panel-block-\">\n\t\t\t<div class=\"wp-block-ub-content-toggle-accordion-title-wrap\" style=\"background-color: #f1f1f1;\" aria-controls=\"ub-content-toggle-panel-1-482a8e0f-1e54-43e3-8037-d93a350a26a0\" tabindex=\"0\">\n\t\t\t<p class=\"wp-block-ub-content-toggle-accordion-title ub-content-toggle-title-482a8e0f-1e54-43e3-8037-d93a350a26a0\" style=\"color: #4c7288; \"><strong>2024<\/strong><\/p>\n\t\t\t<div class=\"wp-block-ub-content-toggle-accordion-toggle-wrap right\" style=\"color: #000000;\"><span class=\"wp-block-ub-content-toggle-accordion-state-indicator wp-block-ub-chevron-down\"><\/span><\/div>\n\t\t<\/div>\n\t\t\t<div role=\"region\" aria-expanded=\"false\" class=\"wp-block-ub-content-toggle-accordion-content-wrap ub-hide\" id=\"ub-content-toggle-panel-1-482a8e0f-1e54-43e3-8037-d93a350a26a0\">\n\n<p><strong>Alina MOGO\u0218ANU<\/strong><br><strong>Conducator doctorat:<\/strong> Dr. Liliana CSEH<br><strong>Titlul tezei (RO\/EN):<\/strong> Deriva\u021bi\/analogi de curcumin\u0103 cu activitate biologic\u0103 \/ Curcumin derivatives\/analogs with biological activity<\/p>\n\n\n\n<p><strong>Diana RUSU<\/strong><br><strong>Conducator doctorat: <\/strong>Dr. Elisabeta SZERB<br><strong>Titlul tezei (RO\/EN):<\/strong> Sisteme supramoleculare hibride luminescente pe baz\u0103 de metalomesogeni \/ Luminescent supramolecular hybrid systems based on metallomesogens<\/p>\n\n<\/div>\n\t\t<\/div>\n\n<div class=\"wp-block-ub-content-toggle-accordion\" style=\"border-color: #f1f1f1; \" id=\"ub-content-toggle-panel-block-\">\n\t\t\t<div class=\"wp-block-ub-content-toggle-accordion-title-wrap\" style=\"background-color: #f1f1f1;\" aria-controls=\"ub-content-toggle-panel-2-482a8e0f-1e54-43e3-8037-d93a350a26a0\" tabindex=\"0\">\n\t\t\t<p class=\"wp-block-ub-content-toggle-accordion-title ub-content-toggle-title-482a8e0f-1e54-43e3-8037-d93a350a26a0\" style=\"color: #4c7288; \"><strong>2023<\/strong><\/p>\n\t\t\t<div class=\"wp-block-ub-content-toggle-accordion-toggle-wrap right\" style=\"color: #000000;\"><span class=\"wp-block-ub-content-toggle-accordion-state-indicator wp-block-ub-chevron-down\"><\/span><\/div>\n\t\t<\/div>\n\t\t\t<div role=\"region\" aria-expanded=\"false\" class=\"wp-block-ub-content-toggle-accordion-content-wrap ub-hide\" id=\"ub-content-toggle-panel-2-482a8e0f-1e54-43e3-8037-d93a350a26a0\">\n\n<p><strong>Alexandru VI\u0218AN<\/strong><br><strong>Conducator doctorat:<\/strong> Dr. Elisabeta SZERB<br><strong>Titlul tezei (RO\/EN):<\/strong> Materiale hibride avansate derivate din de\u015feuri vegetale \u015fi combina\u0163ii complexe ale metalelor din blocul d pentru detec\u021bia electrochimic\u0103 a poluan\u021bilor emergen\u021bi din ap\u0103 \/ Advanced hybrid materials derived from vegetable wastes and coordination complexes based on d-block metals for electrochemical detection of emergent polutants from water<\/p>\n\n\n\n<p><\/p>\n\n<\/div>\n\t\t<\/div>\n\n<div class=\"wp-block-ub-content-toggle-accordion\" style=\"border-color: #f1f1f1; \" id=\"ub-content-toggle-panel-block-\">\n\t\t\t<div class=\"wp-block-ub-content-toggle-accordion-title-wrap\" style=\"background-color: #f1f1f1;\" aria-controls=\"ub-content-toggle-panel-3-482a8e0f-1e54-43e3-8037-d93a350a26a0\" tabindex=\"0\">\n\t\t\t<p class=\"wp-block-ub-content-toggle-accordion-title ub-content-toggle-title-482a8e0f-1e54-43e3-8037-d93a350a26a0\" style=\"color: #4c7288; \"><strong>2022<\/strong><\/p>\n\t\t\t<div class=\"wp-block-ub-content-toggle-accordion-toggle-wrap right\" style=\"color: #000000;\"><span class=\"wp-block-ub-content-toggle-accordion-state-indicator wp-block-ub-chevron-down\"><\/span><\/div>\n\t\t<\/div>\n\t\t\t<div role=\"region\" aria-expanded=\"false\" class=\"wp-block-ub-content-toggle-accordion-content-wrap ub-hide\" id=\"ub-content-toggle-panel-3-482a8e0f-1e54-43e3-8037-d93a350a26a0\">\n\n<p><strong>Bogdan Ionut MARA<\/strong><br><strong>Conducator doctorat:<\/strong> Dr. Liliana CSEH<br><strong>Titlul tezei (RO\/EN):<\/strong> Proiectarea \u0219i ob\u021binerea unor compu\u0219i noi cu func\u021biuni mixte. Testarea activit\u0103\u021bii poten\u021bial citotoxice \u00een diferite tipuri de linii celulare canceroase \/ Design and synthesis of new compounds with mixed functional groups. Evaluation of potential cytotoxic activity in different types of cancer cell lines<br><\/p>\n\n\n\n<p><strong>Evelyn POPA<\/strong><br><strong>Conducator doctorat:<\/strong> Dr. Elisabeta SZERB<br><strong>Titlul tezei (RO\/EN):<\/strong> Sisteme luminescente bimetalice cu propriet\u0103\u0163i de cristal lichid pe baz\u0103 de combina\u0163ii complexe ale metalelor din blocul d \/ Luminescent bimetallic liquid crystalline systems based on d-block metal coordination complex<\/p>\n\n\n\n<p><\/p>\n\n<\/div>\n\t\t<\/div>\n<\/div>\n\n\n<p><\/p>\n","protected":false},"excerpt":{"rendered":"","protected":false},"author":1,"featured_media":0,"parent":0,"menu_order":0,"comment_status":"closed","ping_status":"closed","template":"","meta":{"footnotes":""},"class_list":["post-1456","page","type-page","status-publish","hentry"],"featured_image_src":null,"_links":{"self":[{"href":"https:\/\/acad-icht.tm.edu.ro\/wp\/index.php?rest_route=\/wp\/v2\/pages\/1456","targetHints":{"allow":["GET"]}}],"collection":[{"href":"https:\/\/acad-icht.tm.edu.ro\/wp\/index.php?rest_route=\/wp\/v2\/pages"}],"about":[{"href":"https:\/\/acad-icht.tm.edu.ro\/wp\/index.php?rest_route=\/wp\/v2\/types\/page"}],"author":[{"embeddable":true,"href":"https:\/\/acad-icht.tm.edu.ro\/wp\/index.php?rest_route=\/wp\/v2\/users\/1"}],"replies":[{"embeddable":true,"href":"https:\/\/acad-icht.tm.edu.ro\/wp\/index.php?rest_route=%2Fwp%2Fv2%2Fcomments&post=1456"}],"version-history":[{"count":26,"href":"https:\/\/acad-icht.tm.edu.ro\/wp\/index.php?rest_route=\/wp\/v2\/pages\/1456\/revisions"}],"predecessor-version":[{"id":5332,"href":"https:\/\/acad-icht.tm.edu.ro\/wp\/index.php?rest_route=\/wp\/v2\/pages\/1456\/revisions\/5332"}],"wp:attachment":[{"href":"https:\/\/acad-icht.tm.edu.ro\/wp\/index.php?rest_route=%2Fwp%2Fv2%2Fmedia&parent=1456"}],"curies":[{"name":"wp","href":"https:\/\/api.w.org\/{rel}","templated":true}]}}