{"id":148,"date":"2017-04-23T08:22:19","date_gmt":"2017-04-23T08:22:19","guid":{"rendered":"http:\/\/acad-icht.tm.edu.ro\/wp\/?page_id=148"},"modified":"2024-04-22T10:23:36","modified_gmt":"2024-04-22T08:23:36","slug":"simpozioane","status":"publish","type":"page","link":"https:\/\/acad-icht.tm.edu.ro\/wp\/?page_id=148","title":{"rendered":"Simpozioane"},"content":{"rendered":"\n<h2 class=\"wp-block-heading\">2024:<\/h2>\n\n\n\n<h2 class=\"wp-block-heading\">New trends in chemistry research<\/h2>\n\n\n\n<p class=\"has-text-align-center\">The 16<sup>th<\/sup> Edition<br>September 18-20, 2023, Timi\u0219oara, Rom\u00e2nia<\/p>\n\n\n<div class=\"wp-block-image\">\n<figure class=\"aligncenter size-large\"><img loading=\"lazy\" decoding=\"async\" width=\"1024\" height=\"568\" src=\"https:\/\/acad-icht.tm.edu.ro\/wp\/wp-content\/uploads\/2024\/04\/NewTrends-2024-1-1024x568.jpg\" alt=\"\" class=\"wp-image-3953\" srcset=\"https:\/\/acad-icht.tm.edu.ro\/wp\/wp-content\/uploads\/2024\/04\/NewTrends-2024-1-1024x568.jpg 1024w, https:\/\/acad-icht.tm.edu.ro\/wp\/wp-content\/uploads\/2024\/04\/NewTrends-2024-1-300x166.jpg 300w, https:\/\/acad-icht.tm.edu.ro\/wp\/wp-content\/uploads\/2024\/04\/NewTrends-2024-1-768x426.jpg 768w, https:\/\/acad-icht.tm.edu.ro\/wp\/wp-content\/uploads\/2024\/04\/NewTrends-2024-1.jpg 1432w\" sizes=\"auto, (max-width: 1024px) 100vw, 1024px\" \/><\/figure>\n<\/div>\n\n\n<ul class=\"wp-block-list\">\n<li>\n<h3><a href=\"http:\/\/www.newtrends-timisoara.ro\">www.newtrends-timisoara.ro<\/a><\/h3>\n<\/li>\n<\/ul>\n\n\n\n<div style=\"height:60px\" aria-hidden=\"true\" class=\"wp-block-spacer\"><\/div>\n\n\n\n<h2 class=\"wp-block-heading\">2023:<\/h2>\n\n\n\n<h2 class=\"wp-block-heading\">New trends in chemistry research<\/h2>\n\n\n\n<p class=\"has-text-align-center\">The 15<sup>th<\/sup> Edition<br>September 21-22, 2023, Timi\u0219oara, Rom\u00e2nia<\/p>\n\n\n\n<h2 class=\"wp-block-heading\"><img loading=\"lazy\" decoding=\"async\" class=\"alignnone size-full wp-image-2972\" src=\"https:\/\/acad-icht.tm.edu.ro\/wp\/wp-content\/uploads\/2023\/03\/newTrends2023SiteLogo.jpg\" alt=\"\" width=\"1631\" height=\"697\"><\/h2>\n\n\n\n<ul class=\"wp-block-list\">\n<li>\n<h3><a href=\"http:\/\/www.newtrends-timisoara.ro\">www.newtrends-timisoara.ro<\/a><\/h3>\n<\/li>\n<\/ul>\n\n\n\n<div style=\"height:60px\" aria-hidden=\"true\" class=\"wp-block-spacer\"><\/div>\n\n\n\n<h2 class=\"wp-block-heading\">2022:<\/h2>\n\n\n\n<h2 class=\"wp-block-heading\"><span style=\"font-size: x-large;\"><b>Noi tendin\u021be \u0219i strategii \u00een chimia materialelor avansate, cu relevan\u021b\u0103 \u00een sisteme biologice, tehnic\u0103 \u0219i protec\u021bia mediului<\/b><\/span><\/h2>\n\n\n\n<p>Edi\u021bia a 14-a<br>20-21 octombrie 2022, Timi\u0219oara<\/p>\n\n\n<div class=\"wp-block-image\">\n<figure class=\"aligncenter\"><a href=\"https:\/\/www.newtrends-timisoara.ro\"><img loading=\"lazy\" decoding=\"async\" width=\"1024\" height=\"459\" src=\"https:\/\/acad-icht.tm.edu.ro\/wp\/wp-content\/uploads\/2022\/06\/afis-newtrends-timisoara-2022-1024x459.jpg\" alt=\"afis newtrends\" class=\"wp-image-2558\" srcset=\"https:\/\/acad-icht.tm.edu.ro\/wp\/wp-content\/uploads\/2022\/06\/afis-newtrends-timisoara-2022-1024x459.jpg 1024w, https:\/\/acad-icht.tm.edu.ro\/wp\/wp-content\/uploads\/2022\/06\/afis-newtrends-timisoara-2022-300x134.jpg 300w, https:\/\/acad-icht.tm.edu.ro\/wp\/wp-content\/uploads\/2022\/06\/afis-newtrends-timisoara-2022-768x344.jpg 768w, https:\/\/acad-icht.tm.edu.ro\/wp\/wp-content\/uploads\/2022\/06\/afis-newtrends-timisoara-2022-1536x688.jpg 1536w, https:\/\/acad-icht.tm.edu.ro\/wp\/wp-content\/uploads\/2022\/06\/afis-newtrends-timisoara-2022.jpg 1906w\" sizes=\"auto, (max-width: 1024px) 100vw, 1024px\" \/><\/a><\/figure>\n<\/div>\n\n\n<ul class=\"wp-block-list\">\n<li class=\"has-medium-font-size\"> <h3><a rel=\"noreferrer noopener\" href=\"http:\/\/www.newtrends-timisoara.ro\/2022\" target=\"_blank\">www.newtrends-timisoara.ro (arhiva 202<\/a><a rel=\"noreferrer noopener\" href=\"http:\/\/www.newtrends-timisoara.ro\/2022\" target=\"_blank\">2<\/a><a rel=\"noreferrer noopener\" href=\"http:\/\/www.newtrends-timisoara.ro\/2022\" target=\"_blank\">)<\/a><\/h3><\/li>\n<\/ul>\n\n\n\n<div style=\"height:60px\" aria-hidden=\"true\" class=\"wp-block-spacer\"><\/div>\n\n\n\n<h2 class=\"wp-block-heading\">2021 (organizat online):<\/h2>\n\n\n\n<h2 class=\"wp-block-heading\"><span style=\"font-size: x-large;\"><b>Noi tendin\u021be \u0219i strategii \u00een chimia materialelor avansate,cu relevan\u021b\u0103 \u00een sisteme biologice, tehnic\u0103 \u0219i protec\u021bia mediului<\/b><\/span><\/h2>\n\n\n\n<p>Edi\u021bia a 13-a <br>7-8 octombrie 2021, Timi\u0219oara<\/p>\n\n\n<div class=\"wp-block-image\">\n<figure class=\"aligncenter size-full\"><img loading=\"lazy\" decoding=\"async\" width=\"1902\" height=\"947\" src=\"https:\/\/acad-icht.tm.edu.ro\/wp\/wp-content\/uploads\/2023\/05\/newtrends-2021.jpg\" alt=\"\" class=\"wp-image-3207\"\/><\/figure>\n<\/div>\n\n\n<p><\/p>\n\n\n\n<p><b>Termene limit\u0103:<\/b><\/p>\n\n\n\n<p>15.08.2021 \u00cenregistrarea \u0219i trimiterea rezumatelor<br>22.08.2021 Anun\u021barea accept\u0103rii lucr\u0103rii<\/p>\n\n\n\n<p><a download=\"\" href=\"\/cercetare\/manifestari\/newtrends2021\/Announcement - Symposium New Trends 2021.pdf\">Circulara<\/a><br><a download=\"\" href=\"\/cercetare\/manifestari\/newtrends2021\/Registration_Form_NT_2021.doc\">Talon de participare<\/a><br><a download=\"\" href=\"\/cercetare\/manifestari\/newtrends2021\/Abstract_Template.doc\">\u0218ablon pentru rezumat<\/a><\/p>\n\n\n\n<ul class=\"wp-block-list\">\n<li class=\"has-medium-font-size\"> <h3><a href=\"http:\/\/www.newtrends-timisoara.ro\/2021\" target=\"_blank\" rel=\"noreferrer noopener\">www.newtrends-timisoara.ro (arhiva 2021)<\/a><\/h3> <\/li>\n<\/ul>\n\n\n\n<div style=\"height:60px\" aria-hidden=\"true\" class=\"wp-block-spacer\"><\/div>\n\n\n\n<h2 class=\"wp-block-heading\"><strong>2020: <\/strong><\/h2>\n\n\n\n<ul class=\"wp-block-list\">\n<li>Nu s-a organizat din cauza restric\u021biilor COVID-19<\/li>\n<\/ul>\n\n\n\n<div style=\"height:60px\" aria-hidden=\"true\" class=\"wp-block-spacer\"><\/div>\n\n\n\n<h2 class=\"wp-block-heading\">2019:<\/h2>\n\n\n\n<ul class=\"wp-block-list\">\n<li>Simpozionul cu participare interna\u021bional\u0103<a id=\"151\" href=\"http:\/\/acad-icht.tm.edu.ro\/wp\/?page_id=624\"><br>Noi tendin\u0163e \u015fi strategii \u00een chimia materialelor avansate, cu relevan\u0163\u0103 \u00een sisteme biologice, tehnic\u0103 \u015fi protec\u0163ia mediului , Editia a 12-a, 6-7 iunie 2019, Timi\u0219oara<\/a><\/li>\n<\/ul>\n\n\n\n<h2 class=\"wp-block-heading\">2018:<\/h2>\n\n\n\n<ul class=\"wp-block-list\">\n<li>Simpozionul cu participare interna\u021bional\u0103<a id=\"151\" href=\"http:\/\/acad-icht.tm.edu.ro\/wp\/?page_id=406\"><br>Noi tendin\u0163e \u015fi strategii \u00een chimia materialelor avansate, cu relevan\u0163\u0103 \u00een sisteme biologice, tehnic\u0103 \u015fi protec\u0163ia mediului , Editia a 11-a, 28-29 iunie 2018, Timi\u0219oara<\/a><\/li>\n<\/ul>\n\n\n\n<h2 class=\"wp-block-heading\">2017:<\/h2>\n\n\n\n<ul class=\"wp-block-list\">\n<li>Simpozionul cu participare interna\u021bional\u0103 &#8211; <a id=\"151\" href=\"http:\/\/acad-icht.tm.edu.ro\/wp\/?page_id=240\">Noi tendin\u0163e \u015fi strategii \u00een chimia materialelor avansate, cu relevan\u0163\u0103 \u00een sisteme biologice, tehnic\u0103 \u015fi protec\u0163ia mediului , Editia a 10-a, 08-09 iunie 2017, Timi\u0219oara<\/a><\/li>\n<\/ul>\n","protected":false},"excerpt":{"rendered":"2024: New trends in chemistry research The 16th EditionSeptember 18-20, 2023, Timi\u0219oara, Rom\u00e2nia 2023: New trends in chemistry research The 15th EditionSeptember 21-22, 2023, Timi\u0219oara, Rom\u00e2nia 2022: Noi tendin\u021be \u0219i strategii \u00een chimia materialelor avansate, cu relevan\u021b\u0103 \u00een sisteme biologice, tehnic\u0103 \u0219i protec\u021bia mediului Edi\u021bia a 14-a20-21 octombrie 2022, Timi\u0219oara 2021 (organizat online): Noi tendin\u021be &hellip; <a href=\"https:\/\/acad-icht.tm.edu.ro\/wp\/?page_id=148\">Continue reading <span class=\"meta-nav\">&rarr;<\/span><\/a>","protected":false},"author":1,"featured_media":0,"parent":0,"menu_order":0,"comment_status":"closed","ping_status":"closed","template":"","meta":{"footnotes":""},"class_list":["post-148","page","type-page","status-publish","hentry"],"featured_image_src":null,"_links":{"self":[{"href":"https:\/\/acad-icht.tm.edu.ro\/wp\/index.php?rest_route=\/wp\/v2\/pages\/148","targetHints":{"allow":["GET"]}}],"collection":[{"href":"https:\/\/acad-icht.tm.edu.ro\/wp\/index.php?rest_route=\/wp\/v2\/pages"}],"about":[{"href":"https:\/\/acad-icht.tm.edu.ro\/wp\/index.php?rest_route=\/wp\/v2\/types\/page"}],"author":[{"embeddable":true,"href":"https:\/\/acad-icht.tm.edu.ro\/wp\/index.php?rest_route=\/wp\/v2\/users\/1"}],"replies":[{"embeddable":true,"href":"https:\/\/acad-icht.tm.edu.ro\/wp\/index.php?rest_route=%2Fwp%2Fv2%2Fcomments&post=148"}],"version-history":[{"count":29,"href":"https:\/\/acad-icht.tm.edu.ro\/wp\/index.php?rest_route=\/wp\/v2\/pages\/148\/revisions"}],"predecessor-version":[{"id":3956,"href":"https:\/\/acad-icht.tm.edu.ro\/wp\/index.php?rest_route=\/wp\/v2\/pages\/148\/revisions\/3956"}],"wp:attachment":[{"href":"https:\/\/acad-icht.tm.edu.ro\/wp\/index.php?rest_route=%2Fwp%2Fv2%2Fmedia&parent=148"}],"curies":[{"name":"wp","href":"https:\/\/api.w.org\/{rel}","templated":true}]}}