{"id":151,"date":"2017-04-23T08:22:34","date_gmt":"2017-04-23T08:22:34","guid":{"rendered":"http:\/\/acad-icht.tm.edu.ro\/wp\/?page_id=151"},"modified":"2023-06-26T14:29:40","modified_gmt":"2023-06-26T12:29:40","slug":"conferinte","status":"publish","type":"page","link":"https:\/\/acad-icht.tm.edu.ro\/wp\/?page_id=151","title":{"rendered":"Prelegeri \/ Conferin\u021be"},"content":{"rendered":"\n<h2 class=\"wp-block-heading\">2022:<\/h2>\n\n\n<div class=\"wp-block-ub-content-toggle wp-block-ub-content-toggle-block\" id=\"ub-content-toggle-block-e5d14617-992d-499e-9cde-014478120311\" data-mobilecollapse=\"true\" data-desktopcollapse=\"true\" data-preventcollapse=\"false\" data-showonlyone=\"false\">\n<div class=\"wp-block-ub-content-toggle-accordion\" style=\"border-color: #f1f1f1; \" id=\"ub-content-toggle-panel-block-\">\n\t\t\t<div class=\"wp-block-ub-content-toggle-accordion-title-wrap\" style=\"background-color: #f1f1f1;\" aria-controls=\"ub-content-toggle-panel-0-e5d14617-992d-499e-9cde-014478120311\" tabindex=\"0\">\n\t\t\t<p class=\"wp-block-ub-content-toggle-accordion-title ub-content-toggle-title-e5d14617-992d-499e-9cde-014478120311\" style=\"color: #4c7288; --ub-content-toggle-title-link-color: #0693e3; \">Joi, 26 mai 2022, la ora 11.00 va avea loc conferin\u021ba:<br><b>\u201cSynthetic challenges in aqueous ternary cadmium systems. In vitro tissue-specific cytotoxicity profiles\u201d<\/b>, <br><em><strong>Prof. Athanasios SALIFOGLOU<\/strong>, <\/em><br><i><em>Laboratory of Inorganic Chemistry and Advanced Materials, School of Chemical Engineering, Faculty of Engineering, <\/em><\/i><br><i><em>Aristotle University of Thessaloniki, Greece<\/em><\/i><\/p>\n\t\t\t<div class=\"wp-block-ub-content-toggle-accordion-toggle-wrap right\" style=\"color: #000000;\"><span class=\"wp-block-ub-content-toggle-accordion-state-indicator wp-block-ub-chevron-down\"><\/span><\/div>\n\t\t<\/div>\n\t\t\t<div role=\"region\" aria-expanded=\"false\" class=\"wp-block-ub-content-toggle-accordion-content-wrap ub-hide\" id=\"ub-content-toggle-panel-0-e5d14617-992d-499e-9cde-014478120311\">\n\n<ul class=\"wp-block-list\">\n<li>Conferin\u0163a va avea loc \u00een sala de conferin\u0163e (demisol) a Filialei Timi\u015foara a Academiei Rom\u00e2ne, Bd. Mihai Viteazul, nr. 24, Timi\u015foara.<\/li>\n<\/ul>\n\n\n\n<div data-wp-interactive=\"core\/file\" class=\"wp-block-file\"><object data-wp-bind--hidden=\"!state.hasPdfPreview\" hidden class=\"wp-block-file__embed\" data=\"https:\/\/acad-icht.tm.edu.ro\/wp\/wp-content\/uploads\/2022\/05\/anunt-salifoglu-mai-2022.pdf\" type=\"application\/pdf\" style=\"width:100%;height:600px\" aria-label=\"Embed of anunt-salifoglu-mai-2022.\"><\/object><a id=\"wp-block-file--media-83ed9003-bd81-4ec2-a457-1e5837228728\" href=\"https:\/\/acad-icht.tm.edu.ro\/wp\/wp-content\/uploads\/2022\/05\/anunt-salifoglu-mai-2022.pdf\">anunt-salifoglu-mai-2022<\/a><a href=\"https:\/\/acad-icht.tm.edu.ro\/wp\/wp-content\/uploads\/2022\/05\/anunt-salifoglu-mai-2022.pdf\" class=\"wp-block-file__button wp-element-button\" download aria-describedby=\"wp-block-file--media-83ed9003-bd81-4ec2-a457-1e5837228728\">Download<\/a><\/div>\n\n<\/div>\n\t\t<\/div>\n<\/div>\n\n<div class=\"wp-block-ub-content-toggle wp-block-ub-content-toggle-block\" id=\"ub-content-toggle-block-f3ecbcc7-4632-499d-8937-bd16cc4b3fb2\" data-mobilecollapse=\"true\" data-desktopcollapse=\"true\" data-preventcollapse=\"false\" data-showonlyone=\"false\">\n<div class=\"wp-block-ub-content-toggle-accordion\" style=\"border-color: #f1f1f1; \" id=\"ub-content-toggle-panel-block-\">\n\t\t\t<div class=\"wp-block-ub-content-toggle-accordion-title-wrap\" style=\"background-color: #f1f1f1;\" aria-controls=\"ub-content-toggle-panel-0-f3ecbcc7-4632-499d-8937-bd16cc4b3fb2\" tabindex=\"0\">\n\t\t\t<p class=\"wp-block-ub-content-toggle-accordion-title ub-content-toggle-title-f3ecbcc7-4632-499d-8937-bd16cc4b3fb2\" style=\"color: #4c7288; --ub-content-toggle-title-link-color: #0693e3; \">Vineri, 7 octombrie 2022 la ora 11.00, va avea loc conferin\u021ba:<br><b>\u201c<strong>Catalytic Alkyne Metathesis: The Reversible Making and Breaking of Carbon-Carbon Triple Bonds<\/strong>\u201d<\/b>, <br><em><strong>Prof. <strong>Matthias T<\/strong><\/strong><\/em><strong><em>AMM<\/em><\/strong><em>, <\/em><br><em>Universitatea Tehnic\u0103 Braunschweig, Germania<\/em><\/p>\n\t\t\t<div class=\"wp-block-ub-content-toggle-accordion-toggle-wrap right\" style=\"color: #000000;\"><span class=\"wp-block-ub-content-toggle-accordion-state-indicator wp-block-ub-chevron-down\"><\/span><\/div>\n\t\t<\/div>\n\t\t\t<div role=\"region\" aria-expanded=\"false\" class=\"wp-block-ub-content-toggle-accordion-content-wrap ub-hide\" id=\"ub-content-toggle-panel-0-f3ecbcc7-4632-499d-8937-bd16cc4b3fb2\">\n\n<ul class=\"wp-block-list\">\n<li>Conferin\u0163a va avea loc vineri, 7 octombrie 2022, ora 11.00 \u00een sala de conferin\u0163e Polivalent\u0103 a Bibliotecii Centrale a Universit\u0103\u021bii Politehnica Timi\u0219oara, Bvd. Vasile P\u00e2rvan, nr. 2.<\/li>\n<\/ul>\n\n\n\n<div data-wp-interactive=\"core\/file\" class=\"wp-block-file\"><object data-wp-bind--hidden=\"!state.hasPdfPreview\" hidden class=\"wp-block-file__embed\" data=\"https:\/\/acad-icht.tm.edu.ro\/wp\/wp-content\/uploads\/2022\/10\/Anunt_TAMM_semnat.pdf\" type=\"application\/pdf\" style=\"width:100%;height:600px\" aria-label=\"Embed of Anunt_Tamm.\"><\/object><a id=\"wp-block-file--media-83ed9003-bd81-4ec2-a457-1e5837228728\" href=\"https:\/\/acad-icht.tm.edu.ro\/wp\/wp-content\/uploads\/2022\/10\/Anunt_TAMM_semnat.pdf\">Anunt_Tamm<\/a><a href=\"https:\/\/acad-icht.tm.edu.ro\/wp\/wp-content\/uploads\/2022\/10\/Anunt_TAMM_semnat.pdf\" class=\"wp-block-file__button wp-element-button\" download aria-describedby=\"wp-block-file--media-83ed9003-bd81-4ec2-a457-1e5837228728\">Download<\/a><\/div>\n\n<\/div>\n\t\t<\/div>\n<\/div>\n\n\n<h2 class=\"wp-block-heading\">2021:<\/h2>\n\n\n\n<ul class=\"wp-block-list\">\n<li>Miercuri, 8 septembrie 2021, la ora 11.00 va avea loc conferin\u021ba <a href=\"\/wp\/?page_id=1892\"><b>\u201cDietary polyphenols against cancer\u201d<\/b><\/a>, Roberto ARRIGONI, <i>Institute of Biomembranes, Bioenergetics and Molecular Biotechnologies (IBIM), National Research Council of Italy (CNR), Italy<\/i><\/li>\n<\/ul>\n\n\n\n<div style=\"height:60px\" aria-hidden=\"true\" class=\"wp-block-spacer\"><\/div>\n\n\n\n<div style=\"height:60px\" aria-hidden=\"true\" class=\"wp-block-spacer\"><\/div>\n","protected":false},"excerpt":{"rendered":"2022: 2021:","protected":false},"author":1,"featured_media":0,"parent":0,"menu_order":0,"comment_status":"closed","ping_status":"closed","template":"","meta":{"footnotes":""},"class_list":["post-151","page","type-page","status-publish","hentry"],"featured_image_src":null,"_links":{"self":[{"href":"https:\/\/acad-icht.tm.edu.ro\/wp\/index.php?rest_route=\/wp\/v2\/pages\/151","targetHints":{"allow":["GET"]}}],"collection":[{"href":"https:\/\/acad-icht.tm.edu.ro\/wp\/index.php?rest_route=\/wp\/v2\/pages"}],"about":[{"href":"https:\/\/acad-icht.tm.edu.ro\/wp\/index.php?rest_route=\/wp\/v2\/types\/page"}],"author":[{"embeddable":true,"href":"https:\/\/acad-icht.tm.edu.ro\/wp\/index.php?rest_route=\/wp\/v2\/users\/1"}],"replies":[{"embeddable":true,"href":"https:\/\/acad-icht.tm.edu.ro\/wp\/index.php?rest_route=%2Fwp%2Fv2%2Fcomments&post=151"}],"version-history":[{"count":22,"href":"https:\/\/acad-icht.tm.edu.ro\/wp\/index.php?rest_route=\/wp\/v2\/pages\/151\/revisions"}],"predecessor-version":[{"id":3354,"href":"https:\/\/acad-icht.tm.edu.ro\/wp\/index.php?rest_route=\/wp\/v2\/pages\/151\/revisions\/3354"}],"wp:attachment":[{"href":"https:\/\/acad-icht.tm.edu.ro\/wp\/index.php?rest_route=%2Fwp%2Fv2%2Fmedia&parent=151"}],"curies":[{"name":"wp","href":"https:\/\/api.w.org\/{rel}","templated":true}]}}