{"id":1892,"date":"2021-09-02T12:30:07","date_gmt":"2021-09-02T10:30:07","guid":{"rendered":"https:\/\/acad-icht.tm.edu.ro\/wp\/?page_id=1892"},"modified":"2021-09-10T09:03:50","modified_gmt":"2021-09-10T07:03:50","slug":"dietary-polyphenols-against-cancer","status":"publish","type":"page","link":"https:\/\/acad-icht.tm.edu.ro\/wp\/?page_id=1892","title":{"rendered":"Dietary polyphenols against cancer"},"content":{"rendered":"<div style=\"text-align: justify;\">\r\n<!--Institutul de Chimie \u201eCoriolan Dr\u0103gulescu\u201d\u00a0 v\u0103 invit\u0103 s\u0103 participa\u0163i la conferin\u0163a\r\n<br>\r\n<center >\r\n<h3>\u201cDietary polyphenols against cancer\u201d<\/h3>\r\n<\/center>\r\n-->\r\n<B><u>Roberto ARRIGONI,<\/u><\/B>\r\n<br>\r\nInstitute of Biomembranes, Bioenergetics and Molecular Biotechnologies\r\n(IBIM), National Research Council of Italy (CNR), Italy\r\n<br>\r\n<br>\r\n\r\nConferin\u0163a a avut loc <b>miercuri, 8 septembrie 2021, la ora 11.00,<\/b>\r\n\u00een sala de conferin\u0163e (demisol) a\r\nFilialei Timi\u015foara a Academiei Rom\u00e2ne,\r\nBvd. Mihai Viteazul, nr. 24, Timi\u015foara.\r\n<br><br>\r\nConferin\u021ba a putut fi urm\u0103rit\u0103 \u0219i online.\r\n<!--\r\nConferin\u0163a va avea loc <b>miercuri, 8 septembrie 2021, la ora 11.00,<\/b>\r\n\u00een sala de conferin\u0163e (demisol) a\r\nFilialei Timi\u015foara a Academiei Rom\u00e2ne,\r\nBvd. Mihai Viteazul, nr. 24, Timi\u015foara.\r\n<br><br>\r\nPentru a evita aglomerarea \u020bn sal\u0103 \u015fi pentru desf\u0103\u015furarea \u020bn siguran\u0163\u0103 a Conferin\u0163ei, num\u0103rul participan\u021bilor este limitat. V\u0103 rug\u0103m s\u0103 anuntati participarea dvs. la adresa de mail: <b style=\"color:blue\">eszerb AT acad-icht.tm.edu.ro<\/b>\r\n<br><br>\r\n\r\nConferin\u021ba va putea fi urm\u0103rit\u0103 online acces\u00e2nd acest <B style=\"color:blue\"> \r\n<a href=\"https:\/\/us02web.zoom.us\/j\/85610378726?pwd=TWVDeDRGVWxwYVJXTUZrQ3RzNTNlQT09\"  style=\"color:blue\">\r\nlink <\/B>.<\/a>\r\n-->\r\n<\/div>","protected":false},"excerpt":{"rendered":"Roberto ARRIGONI, Institute of Biomembranes, Bioenergetics and Molecular Biotechnologies (IBIM), National Research Council of Italy (CNR), Italy Conferin\u0163a a avut loc miercuri, 8 septembrie 2021, la ora 11.00, \u00een sala de conferin\u0163e (demisol) a Filialei Timi\u015foara a Academiei Rom\u00e2ne, Bvd. Mihai Viteazul, nr. 24, Timi\u015foara. Conferin\u021ba a putut fi urm\u0103rit\u0103 \u0219i online.","protected":false},"author":1,"featured_media":0,"parent":0,"menu_order":0,"comment_status":"closed","ping_status":"closed","template":"","meta":{"footnotes":""},"class_list":["post-1892","page","type-page","status-publish","hentry"],"featured_image_src":null,"_links":{"self":[{"href":"https:\/\/acad-icht.tm.edu.ro\/wp\/index.php?rest_route=\/wp\/v2\/pages\/1892","targetHints":{"allow":["GET"]}}],"collection":[{"href":"https:\/\/acad-icht.tm.edu.ro\/wp\/index.php?rest_route=\/wp\/v2\/pages"}],"about":[{"href":"https:\/\/acad-icht.tm.edu.ro\/wp\/index.php?rest_route=\/wp\/v2\/types\/page"}],"author":[{"embeddable":true,"href":"https:\/\/acad-icht.tm.edu.ro\/wp\/index.php?rest_route=\/wp\/v2\/users\/1"}],"replies":[{"embeddable":true,"href":"https:\/\/acad-icht.tm.edu.ro\/wp\/index.php?rest_route=%2Fwp%2Fv2%2Fcomments&post=1892"}],"version-history":[{"count":17,"href":"https:\/\/acad-icht.tm.edu.ro\/wp\/index.php?rest_route=\/wp\/v2\/pages\/1892\/revisions"}],"predecessor-version":[{"id":1918,"href":"https:\/\/acad-icht.tm.edu.ro\/wp\/index.php?rest_route=\/wp\/v2\/pages\/1892\/revisions\/1918"}],"wp:attachment":[{"href":"https:\/\/acad-icht.tm.edu.ro\/wp\/index.php?rest_route=%2Fwp%2Fv2%2Fmedia&parent=1892"}],"curies":[{"name":"wp","href":"https:\/\/api.w.org\/{rel}","templated":true}]}}