{"id":218,"date":"2017-05-25T10:14:59","date_gmt":"2017-05-25T10:14:59","guid":{"rendered":"http:\/\/acad-icht.tm.edu.ro\/wp\/?page_id=218"},"modified":"2025-03-03T11:24:58","modified_gmt":"2025-03-03T09:24:58","slug":"dir-cercetare","status":"publish","type":"page","link":"https:\/\/acad-icht.tm.edu.ro\/wp\/?page_id=218","title":{"rendered":"Direc\u021bii de Cercetare"},"content":{"rendered":"\n<div style=\"height:40px\" aria-hidden=\"true\" class=\"wp-block-spacer\"><\/div>\n\n\n\n<h2 class=\"wp-block-heading has-text-align-left has-cyan-bluish-gray-color has-text-color\" id=\"2-programul-de-cercetare-3-chimia-%C5%9Fi-aplica%C5%A3iile-compu%C5%9Filor-tetrapirolici-din-clasa-porfirinelor-\">Programul de cercetare 1. <\/h2>\n\n\n\n<h2 class=\"wp-block-heading has-text-color has-background\" style=\"color:#606973;background-color:#b9d4e5;font-size:18px;font-style:normal;font-weight:400\"><strong>Cheminformatic\u0103&nbsp;\u0219i alte metode de chimie computa\u0163ional\u0103.<\/strong><br><em>Coordonator: Dr. Sorin AVRAM, CS II<\/em><\/h2>\n\n\n\n<figure class=\"wp-block-image size-full\"><img loading=\"lazy\" decoding=\"async\" width=\"1417\" height=\"866\" src=\"https:\/\/acad-icht.tm.edu.ro\/wp\/wp-content\/uploads\/2024\/01\/IMG-20231009-WA0012.jpg\" alt=\"\" class=\"wp-image-3724\" srcset=\"https:\/\/acad-icht.tm.edu.ro\/wp\/wp-content\/uploads\/2024\/01\/IMG-20231009-WA0012.jpg 1417w, https:\/\/acad-icht.tm.edu.ro\/wp\/wp-content\/uploads\/2024\/01\/IMG-20231009-WA0012-300x183.jpg 300w, https:\/\/acad-icht.tm.edu.ro\/wp\/wp-content\/uploads\/2024\/01\/IMG-20231009-WA0012-1024x626.jpg 1024w, https:\/\/acad-icht.tm.edu.ro\/wp\/wp-content\/uploads\/2024\/01\/IMG-20231009-WA0012-768x469.jpg 768w\" sizes=\"auto, (max-width: 1417px) 100vw, 1417px\" \/><\/figure>\n\n\n\n<div style=\"height:20px\" aria-hidden=\"true\" class=\"wp-block-spacer\"><\/div>\n\n\n\n<ul class=\"wp-block-list\">\n<li>Subprogramul 1.1. <br><em><strong>Utilizarea \u015fi dezvoltarea de metode in silico \u020bn studiul compu\u0219ilor cu activitate biologic\u0103 &#8211; o abordare multidisciplinar\u0103..<\/strong><\/em><br><em><em>Responsabil: <em>Dr. Sorin Avram, CSII<\/em><\/em><\/em><\/li>\n<\/ul>\n\n\n\n<div style=\"height:40px\" aria-hidden=\"true\" class=\"wp-block-spacer\"><\/div>\n\n\n\n<h2 class=\"wp-block-heading has-text-align-left has-cyan-bluish-gray-color has-text-color\" id=\"3-programul-de-cercetare-4-compu%C5%9Fi-anorganici-%C5%9Fi-hibrizi-cu-relevan%C5%A3%C4%83-%C3%AEn-%C5%9Ftiin%C5%A3a-materialelor-nanostructurate-precursori-pentru-materiale-avansate-\">Programul de cercetare 2. <\/h2>\n\n\n\n<h2 class=\"wp-block-heading has-text-color has-background\" style=\"color:#606973;background-color:#b9d4e5;font-size:18px;font-style:normal;font-weight:400\"><strong>Compusi multifunc\u0163ionali organici si polimerici &#8211; cu proprietati dirijate si aplicatii in protectia mediului si dezvoltare durabila.<\/strong><br><em>Coordonator: Dr. Aurelia VI\u0218A, CS I<\/em><\/h2>\n\n\n\n<figure class=\"wp-block-image size-full\"><img loading=\"lazy\" decoding=\"async\" width=\"2840\" height=\"1677\" src=\"https:\/\/acad-icht.tm.edu.ro\/wp\/wp-content\/uploads\/2023\/05\/Program-2-1-2022-crop.jpg\" alt=\"\" class=\"wp-image-3338\"\/><\/figure>\n\n\n\n<div style=\"height:20px\" aria-hidden=\"true\" class=\"wp-block-spacer\"><\/div>\n\n\n\n<ul class=\"wp-block-list\">\n<li>Subprogramul 2.1. <br><strong><em>Sisteme polimerice, sisteme hibride sau complexe cu proprietati: ignifuge, electroli\u021bi, membrane, sorban\u021bi, biocide, catalizatori \u0219i de protec\u021bie anticoroziv\u0103.<\/em><\/strong><br><em><em>Responsabil: <em>Dr. Adriana Popa, CS I<\/em><\/em><\/em><\/li>\n<\/ul>\n\n\n\n<ul class=\"wp-block-list\">\n<li>Subprogramul 2.2. <br><strong><em>Compu\u0219i multifunc\u021bionali cu propriet\u0103\u021bi dirijate \u0219i aplicatii \u00een protec\u021bia mediului.<\/em><\/strong><br><em>Responsabil: Dr. Aurelia Vi\u0219a, CS I<\/em><\/li>\n<\/ul>\n\n\n\n<div style=\"height:40px\" aria-hidden=\"true\" class=\"wp-block-spacer\"><\/div>\n\n\n\n<h2 class=\"wp-block-heading has-text-align-left has-cyan-bluish-gray-color has-text-color\" id=\"2-programul-de-cercetare-3-chimia-%C5%9Fi-aplica%C5%A3iile-compu%C5%9Filor-tetrapirolici-din-clasa-porfirinelor-\">Programul de cercetare 3. <\/h2>\n\n\n\n<h2 class=\"wp-block-heading has-text-color has-background\" style=\"color:#606973;background-color:#b9d4e5;font-size:18px;font-style:normal;font-weight:400\"><strong>Chimia \u015fi aplica\u0163iile compu\u015filor tetrapirolici din clasa porfirinelor.<\/strong><br><em>Coordonator: Dr. Aurelia VI\u0218A<em>, CS I<\/em><\/em><\/h2>\n\n\n\n<figure class=\"wp-block-image size-large\"><img loading=\"lazy\" decoding=\"async\" width=\"1024\" height=\"681\" src=\"https:\/\/acad-icht.tm.edu.ro\/wp\/wp-content\/uploads\/2024\/04\/programul3-1024x681.jpg\" alt=\"\" class=\"wp-image-3938\" srcset=\"https:\/\/acad-icht.tm.edu.ro\/wp\/wp-content\/uploads\/2024\/04\/programul3-1024x681.jpg 1024w, https:\/\/acad-icht.tm.edu.ro\/wp\/wp-content\/uploads\/2024\/04\/programul3-300x199.jpg 300w, https:\/\/acad-icht.tm.edu.ro\/wp\/wp-content\/uploads\/2024\/04\/programul3-768x511.jpg 768w, https:\/\/acad-icht.tm.edu.ro\/wp\/wp-content\/uploads\/2024\/04\/programul3-1536x1021.jpg 1536w, https:\/\/acad-icht.tm.edu.ro\/wp\/wp-content\/uploads\/2024\/04\/programul3-2048x1362.jpg 2048w, https:\/\/acad-icht.tm.edu.ro\/wp\/wp-content\/uploads\/2024\/04\/programul3-75x50.jpg 75w\" sizes=\"auto, (max-width: 1024px) 100vw, 1024px\" \/><\/figure>\n\n\n\n<div style=\"height:20px\" aria-hidden=\"true\" class=\"wp-block-spacer\"><\/div>\n\n\n\n<ul class=\"wp-block-list\">\n<li>Subprogramul 3.1. <br><strong><em>Materiale multifunc\u0163ionale avansate cu propriet\u0103\u0163i speciale opto-electrice pe baz\u0103 de porfirine \u015fi combina\u0163iile lor complexe. Aplica\u0163ii biologice \u015fi tehnice.<\/em><\/strong><br><em>Responsabil: Dr. Anca Lascu, CSIII<\/em><\/li>\n<\/ul>\n\n\n\n<div style=\"height:40px\" aria-hidden=\"true\" class=\"wp-block-spacer\"><\/div>\n\n\n\n<h2 class=\"wp-block-heading has-text-align-left has-cyan-bluish-gray-color has-text-color\" id=\"3-programul-de-cercetare-4-compu%C5%9Fi-anorganici-%C5%9Fi-hibrizi-cu-relevan%C5%A3%C4%83-%C3%AEn-%C5%9Ftiin%C5%A3a-materialelor-nanostructurate-precursori-pentru-materiale-avansate-\">Programul de cercetare 4. <\/h2>\n\n\n\n<h2 class=\"wp-block-heading has-text-color has-background\" style=\"color:#606973;background-color:#b9d4e5;font-size:18px;font-style:normal;font-weight:400\"><strong>Ob\u021binerea de compu\u0219i multifunc\u021bionali cu relevan\u021b\u0103 \u00een \u0219tiin\u021ba materialelor nanostructurate, biochimie sau protec\u021bia mediului.<\/strong><br><em>Coordonator: <em>Dr. Elisabeta SZERB, CS I<\/em><\/em><\/h2>\n\n\n\n<figure class=\"wp-block-image size-full\"><img loading=\"lazy\" decoding=\"async\" width=\"4567\" height=\"2569\" src=\"https:\/\/acad-icht.tm.edu.ro\/wp\/wp-content\/uploads\/2023\/05\/Program-4-20221010_093248-crop-16x9-data-resize.jpg\" alt=\"\" class=\"wp-image-3341\"\/><\/figure>\n\n\n\n<div style=\"height:20px\" aria-hidden=\"true\" class=\"wp-block-spacer\"><\/div>\n\n\n\n<ul class=\"wp-block-list\">\n<li>Subprogramul 4.1. <br><strong><em>Combina\u021bii complexe ale metalelor din blocul d generatoare de sisteme func\u021bionale supramoleculare avansate cu aplica\u021bii \u00een \u0219tiin\u021ba materialelor<\/em><\/strong>.<br><em>Responsabil: Dr. Elisabeta-Ildyko SZERB, CSI<\/em><\/li>\n<\/ul>\n\n\n\n<ul class=\"wp-block-list\">\n<li>Subprogramul 4.2.<br><strong><em>Compu\u015fi multifunc\u0163ionali organici &#8211; anorganici cu aplica\u0163ii biologice.<\/em><\/strong><br><em>Responsabil: Dr. Ana-Maria Lacr\u0103m\u0103, CS II<\/em><\/li>\n<\/ul>\n\n\n\n<ul class=\"wp-block-list\">\n<li>Subprogramul 4.3. <br><strong><em>Proiectarea \u0219i sinteza de compu\u0219i cu activitate catalitic\u0103 ridicat\u0103 pentru reac\u021bii de transformare a substan\u021belor ob\u021binute din surse regenerabile \u00een intermediari organici \u0219i pentru reac\u021bii de distrugere a unor poluan\u021bi din mediul \u00eenconjur\u0103tor.<\/em><\/strong><br><em>Responsabil: Dr. Orsina Verdes, CS III<\/em><\/li>\n<\/ul>\n\n\n\n<div style=\"height:40px\" aria-hidden=\"true\" class=\"wp-block-spacer\"><\/div>\n","protected":false},"excerpt":{"rendered":"Programul de cercetare 1. Cheminformatic\u0103&nbsp;\u0219i alte metode de chimie computa\u0163ional\u0103.Coordonator: Dr. Sorin AVRAM, CS II Programul de cercetare 2. Compusi multifunc\u0163ionali organici si polimerici &#8211; cu proprietati dirijate si aplicatii in protectia mediului si dezvoltare durabila.Coordonator: Dr. Aurelia VI\u0218A, CS I Programul de cercetare 3. Chimia \u015fi aplica\u0163iile compu\u015filor tetrapirolici din clasa porfirinelor.Coordonator: Dr. Aurelia &hellip; <a href=\"https:\/\/acad-icht.tm.edu.ro\/wp\/?page_id=218\">Continue reading <span class=\"meta-nav\">&rarr;<\/span><\/a>","protected":false},"author":1,"featured_media":0,"parent":0,"menu_order":0,"comment_status":"closed","ping_status":"closed","template":"","meta":{"footnotes":""},"class_list":["post-218","page","type-page","status-publish","hentry"],"featured_image_src":null,"_links":{"self":[{"href":"https:\/\/acad-icht.tm.edu.ro\/wp\/index.php?rest_route=\/wp\/v2\/pages\/218","targetHints":{"allow":["GET"]}}],"collection":[{"href":"https:\/\/acad-icht.tm.edu.ro\/wp\/index.php?rest_route=\/wp\/v2\/pages"}],"about":[{"href":"https:\/\/acad-icht.tm.edu.ro\/wp\/index.php?rest_route=\/wp\/v2\/types\/page"}],"author":[{"embeddable":true,"href":"https:\/\/acad-icht.tm.edu.ro\/wp\/index.php?rest_route=\/wp\/v2\/users\/1"}],"replies":[{"embeddable":true,"href":"https:\/\/acad-icht.tm.edu.ro\/wp\/index.php?rest_route=%2Fwp%2Fv2%2Fcomments&post=218"}],"version-history":[{"count":56,"href":"https:\/\/acad-icht.tm.edu.ro\/wp\/index.php?rest_route=\/wp\/v2\/pages\/218\/revisions"}],"predecessor-version":[{"id":4873,"href":"https:\/\/acad-icht.tm.edu.ro\/wp\/index.php?rest_route=\/wp\/v2\/pages\/218\/revisions\/4873"}],"wp:attachment":[{"href":"https:\/\/acad-icht.tm.edu.ro\/wp\/index.php?rest_route=%2Fwp%2Fv2%2Fmedia&parent=218"}],"curies":[{"name":"wp","href":"https:\/\/api.w.org\/{rel}","templated":true}]}}