{"id":240,"date":"2017-05-25T11:21:39","date_gmt":"2017-05-25T11:21:39","guid":{"rendered":"http:\/\/acad-icht.tm.edu.ro\/wp\/?page_id=240"},"modified":"2017-05-25T11:36:16","modified_gmt":"2017-05-25T11:36:16","slug":"2017-2","status":"publish","type":"page","link":"https:\/\/acad-icht.tm.edu.ro\/wp\/?page_id=240","title":{"rendered":"2017"},"content":{"rendered":"<h2 align=\"center\"><span style=\"font-size: x-large;\"><b> Simpozionul cu participare interna\u021bional\u0103 &#8211; Noi tendin\u021be \u0219i strategii \u00een chimia materialelor avansate, cu relevan\u021b\u0103 \u00een sisteme biologice, tehnic\u0103 \u0219i protec\u021bia mediului <\/b><\/span><\/h2>\r\n\r\n\r\n<p align=\"center\">Edi\u021bia a 10-a\r\n08-09 iunie 2017, Timi\u0219oara<\/p>\r\n\r\n\r\n<b>Termene limit\u0103:<\/b>\r\n03.04.2017 \u00cenregistrarea \u0219i trimiterea titlului, autorilor \u0219i a tipului de prezentare\r\n28.04.2017 Trimiterea rezumatelor\r\n08.05.2017 Anun\u021barea accept\u0103rii lucr\u0103rii\r\n15.05.2017 Trimiterea lucr\u0103rii \u0219i plata taxei de participare\r\n\r\n\r\n\r\n<a href=\"http:\/\/acad-icht.tm.edu.ro\/ro\/simpozioane\/newtrends2017\/Announcement-Symposium_New_Trends_2017.pdf\" download>Circulara<\/a>\r\n<a href=\"http:\/\/acad-icht.tm.edu.ro\/ro\/simpozioane\/newtrends2017\/Registration_form_NT_2017.doc\" download>Talon de participare<\/a>\r\n<a href=\"http:\/\/acad-icht.tm.edu.ro\/ro\/simpozioane\/newtrends2017\/Abstract_Template.doc\" download>\u0218ablon pentru rezumat<\/a>\r\n","protected":false},"excerpt":{"rendered":"Simpozionul cu participare interna\u021bional\u0103 &#8211; Noi tendin\u021be \u0219i strategii \u00een chimia materialelor avansate, cu relevan\u021b\u0103 \u00een sisteme biologice, tehnic\u0103 \u0219i protec\u021bia mediului Edi\u021bia a 10-a 08-09 iunie 2017, Timi\u0219oara Termene limit\u0103: 03.04.2017 \u00cenregistrarea \u0219i trimiterea titlului, autorilor \u0219i a tipului de prezentare 28.04.2017 Trimiterea rezumatelor 08.05.2017 Anun\u021barea accept\u0103rii lucr\u0103rii 15.05.2017 Trimiterea lucr\u0103rii \u0219i plata taxei &hellip; <a href=\"https:\/\/acad-icht.tm.edu.ro\/wp\/?page_id=240\">Continue reading <span class=\"meta-nav\">&rarr;<\/span><\/a>","protected":false},"author":1,"featured_media":0,"parent":0,"menu_order":0,"comment_status":"closed","ping_status":"closed","template":"","meta":{"footnotes":""},"class_list":["post-240","page","type-page","status-publish","hentry"],"featured_image_src":null,"_links":{"self":[{"href":"https:\/\/acad-icht.tm.edu.ro\/wp\/index.php?rest_route=\/wp\/v2\/pages\/240","targetHints":{"allow":["GET"]}}],"collection":[{"href":"https:\/\/acad-icht.tm.edu.ro\/wp\/index.php?rest_route=\/wp\/v2\/pages"}],"about":[{"href":"https:\/\/acad-icht.tm.edu.ro\/wp\/index.php?rest_route=\/wp\/v2\/types\/page"}],"author":[{"embeddable":true,"href":"https:\/\/acad-icht.tm.edu.ro\/wp\/index.php?rest_route=\/wp\/v2\/users\/1"}],"replies":[{"embeddable":true,"href":"https:\/\/acad-icht.tm.edu.ro\/wp\/index.php?rest_route=%2Fwp%2Fv2%2Fcomments&post=240"}],"version-history":[{"count":6,"href":"https:\/\/acad-icht.tm.edu.ro\/wp\/index.php?rest_route=\/wp\/v2\/pages\/240\/revisions"}],"predecessor-version":[{"id":253,"href":"https:\/\/acad-icht.tm.edu.ro\/wp\/index.php?rest_route=\/wp\/v2\/pages\/240\/revisions\/253"}],"wp:attachment":[{"href":"https:\/\/acad-icht.tm.edu.ro\/wp\/index.php?rest_route=%2Fwp%2Fv2%2Fmedia&parent=240"}],"curies":[{"name":"wp","href":"https:\/\/api.w.org\/{rel}","templated":true}]}}