{"id":406,"date":"2018-10-30T09:48:55","date_gmt":"2018-10-30T07:48:55","guid":{"rendered":"http:\/\/acad-icht.tm.edu.ro\/wp\/?page_id=406"},"modified":"2018-10-30T10:10:33","modified_gmt":"2018-10-30T08:10:33","slug":"2018-2","status":"publish","type":"page","link":"https:\/\/acad-icht.tm.edu.ro\/wp\/?page_id=406","title":{"rendered":"2018"},"content":{"rendered":"<h2 align=\"center\"><span style=\"font-size: x-large;\"><b>\r\nSimpozionul cu participare interna\u021bional\u0103 &#8211; Noi tendin\u021be \u0219i strategii \u00een chimia materialelor avansate,cu relevan\u021b\u0103 \u00een sisteme biologice, tehnic\u0103 \u0219i protec\u021bia mediului<\/b><\/span><\/h2>\r\n\r\n\r\n<p align=\"center\">\r\n Edi\u021bia a 11-a <br>28-29 iunie 2018, Timi\u0219oara\r\n<\/p>\r\n\r\n\r\n<B>Termene limit\u0103:<\/B>\r\n11.05.2018 \u00cenregistrarea \u0219i trimiterea rezumatelor\r\n25.05.2018 Anun\u021barea accept\u0103rii lucr\u0103rii\r\n08.06.2018 Plata taxelor de participare\r\n\r\n<A HREF=\"\/cercetare\/manifestari\/newtrends2018\/Announcement-Symposium_New_Trends_2018.pdf\" download>Circulara<\/A><br>\r\n<A HREF=\"\/cercetare\/manifestari\/newtrends2018\/Registration_form_NT_2018.doc\" download>Talon de participare<\/A><br>\r\n<A HREF=\"\/cercetare\/manifestari\/newtrends2018\/Abstract_Template.doc\" download>\u0218ablon pentru rezumat<\/A><br>\r\n<A HREF=\"\/cercetare\/manifestari\/newtrends2018\/Program-A5-New-Trends-2018.pdf\" download>Program<\/A><br>\r\n","protected":false},"excerpt":{"rendered":"Simpozionul cu participare interna\u021bional\u0103 &#8211; Noi tendin\u021be \u0219i strategii \u00een chimia materialelor avansate,cu relevan\u021b\u0103 \u00een sisteme biologice, tehnic\u0103 \u0219i protec\u021bia mediului Edi\u021bia a 11-a 28-29 iunie 2018, Timi\u0219oara Termene limit\u0103: 11.05.2018 \u00cenregistrarea \u0219i trimiterea rezumatelor 25.05.2018 Anun\u021barea accept\u0103rii lucr\u0103rii 08.06.2018 Plata taxelor de participare Circulara Talon de participare \u0218ablon pentru rezumat Program","protected":false},"author":1,"featured_media":0,"parent":0,"menu_order":0,"comment_status":"closed","ping_status":"closed","template":"","meta":{"footnotes":""},"class_list":["post-406","page","type-page","status-publish","hentry"],"featured_image_src":null,"_links":{"self":[{"href":"https:\/\/acad-icht.tm.edu.ro\/wp\/index.php?rest_route=\/wp\/v2\/pages\/406","targetHints":{"allow":["GET"]}}],"collection":[{"href":"https:\/\/acad-icht.tm.edu.ro\/wp\/index.php?rest_route=\/wp\/v2\/pages"}],"about":[{"href":"https:\/\/acad-icht.tm.edu.ro\/wp\/index.php?rest_route=\/wp\/v2\/types\/page"}],"author":[{"embeddable":true,"href":"https:\/\/acad-icht.tm.edu.ro\/wp\/index.php?rest_route=\/wp\/v2\/users\/1"}],"replies":[{"embeddable":true,"href":"https:\/\/acad-icht.tm.edu.ro\/wp\/index.php?rest_route=%2Fwp%2Fv2%2Fcomments&post=406"}],"version-history":[{"count":5,"href":"https:\/\/acad-icht.tm.edu.ro\/wp\/index.php?rest_route=\/wp\/v2\/pages\/406\/revisions"}],"predecessor-version":[{"id":415,"href":"https:\/\/acad-icht.tm.edu.ro\/wp\/index.php?rest_route=\/wp\/v2\/pages\/406\/revisions\/415"}],"wp:attachment":[{"href":"https:\/\/acad-icht.tm.edu.ro\/wp\/index.php?rest_route=%2Fwp%2Fv2%2Fmedia&parent=406"}],"curies":[{"name":"wp","href":"https:\/\/api.w.org\/{rel}","templated":true}]}}