{"id":4461,"date":"2024-10-14T13:41:14","date_gmt":"2024-10-14T11:41:14","guid":{"rendered":"https:\/\/acad-icht.tm.edu.ro\/wp\/?page_id=4461"},"modified":"2026-01-13T08:07:53","modified_gmt":"2026-01-13T06:07:53","slug":"media","status":"publish","type":"page","link":"https:\/\/acad-icht.tm.edu.ro\/wp\/?page_id=4461","title":{"rendered":"Media"},"content":{"rendered":"<div style=\"background-color: #d9edf7; color: #31708f; border-left-color: #31708f; \" class=\"ub-styled-box ub-notification-box wp-block-ub-styled-box\" id=\"ub-styled-box-59a01bd6-9866-40f3-8c38-148023b6b198\">\n<p class=\"has-text-align-center has-text-color has-link-color wp-elements-ecac5759ff4d430f8871d9eb6a08c830\" style=\"color:#6d7a88\" id=\"ub-styled-box-notification-content-\">\ud83d\udce2 <a href=\"https:\/\/acad.ro\/institutia\/comunicateStiriInst\/2026\/01_ICCD_Chimpact.html\" target=\"_blank\" rel=\"noreferrer noopener\"><strong>Academia Rom\u00e2n\u0103 \u2013 Comunicat<\/strong><\/a><br><mark style=\"background-color:rgba(0, 0, 0, 0)\" class=\"has-inline-color has-vivid-purple-color\"><em>8 ianuarie 2026<\/em><br><\/mark>\ud83d\udcdc CHIMPACT, un proiect educa\u021bional al Institutului de Chimie \u201eCoriolan Dr\u0103gulescu\u201d<\/p>\n\n\n<\/div>\n\n<div style=\"background-color: #d9edf7; color: #31708f; border-left-color: #31708f; \" class=\"ub-styled-box ub-notification-box wp-block-ub-styled-box\" id=\"ub-styled-box-f45494c9-65c4-4372-93c2-f212ad2efc13\">\n<p class=\"has-text-align-center has-text-color has-link-color wp-elements-154aaacc90a6c7a632b2385f85fb6801\" style=\"color:#6d7a88\" id=\"ub-styled-box-notification-content-\">\ud83d\udce2 <a href=\"https:\/\/acad.ro\/institutia\/interviuri\/2025_1113_AureliaVisa\/media_AureliaVisa.html\" target=\"_blank\" rel=\"noreferrer noopener\"><strong>Academia Rom\u00e2n\u0103 \u2013 Interviu<\/strong><\/a><br><mark style=\"background-color:rgba(0, 0, 0, 0)\" class=\"has-inline-color has-vivid-purple-color\"><em>13 noiembrie 2025<\/em><br><\/mark>\ud83d\udcdc Chimie pentru un viitor sustenabil<\/p>\n\n\n<\/div>\n\n<div style=\"background-color: #d9edf7; color: #31708f; border-left-color: #31708f; \" class=\"ub-styled-box ub-notification-box wp-block-ub-styled-box\" id=\"ub-styled-box-3a843e46-a57b-4191-9f4e-23c8d4fdf0f3\">\n<p class=\"has-text-align-center has-text-color has-link-color wp-elements-7ade86f357ff78cd3ddaeea27ca74f6c\" style=\"color:#6d7a88\" id=\"ub-styled-box-notification-content-\">\ud83d\udce2 <a href=\"https:\/\/acad.ro\/institutia\/comunicateStiriInst\/2025\/66_ICCD_AlchimiaViitorului.html\" target=\"_blank\" rel=\"noreferrer noopener\"><strong>Academia Rom\u00e2n\u0103 \u2013 Comunicat<\/strong><\/a><br><mark style=\"background-color:rgba(0, 0, 0, 0)\" class=\"has-inline-color has-vivid-purple-color\"><em>5 decembrie 2025<\/em><br><\/mark>\ud83d\udcdc Expozi\u021bie \u0219i ateliere de lucru deschiz\u0103toare de noi c\u0103i de colaborare<br>\u00eentre chimi\u0219ti \u0219i arti\u0219ti vizuali<\/p>\n\n\n<\/div>\n\n<div style=\"background-color: #d9edf7; color: #31708f; border-left-color: #31708f; \" class=\"ub-styled-box ub-notification-box wp-block-ub-styled-box\" id=\"ub-styled-box-8b6f271e-9975-4923-ae3f-9f6e1c78cdbb\">\n<p class=\"has-text-align-center has-text-color has-link-color wp-elements-4f4b34371937868b834e4a831cd8a555\" style=\"color:#6d7a88\" id=\"ub-styled-box-notification-content-\">\ud83d\udce2 <a href=\"https:\/\/acad.ro\/institutia\/comunicateStiriInst\/2025\/44_noi_tendin%C8%9Be.html\" target=\"_blank\" rel=\"noreferrer noopener\"><strong>Academia Rom\u00e2n\u0103 \u2013 Comunicat<\/strong><\/a><br><mark style=\"background-color:rgba(0, 0, 0, 0)\" class=\"has-inline-color has-vivid-purple-color\"><em>24-26 septembrie 2025<\/em><br><\/mark>\ud83d\udcdc Conferin\u021ba interna\u021bional\u0103 \u201eNoi tendin\u021be de cercetare \u00een domeniul chimiei\u201d<br>NewChemRes2025<\/p>\n\n\n<\/div>\n\n<div style=\"background-color: #d9edf7; color: #31708f; border-left-color: #31708f; \" class=\"ub-styled-box ub-notification-box wp-block-ub-styled-box\" id=\"ub-styled-box-811aacae-83fc-4066-8888-782dc538b697\">\n<p class=\"has-text-align-center has-text-color has-link-color wp-elements-d763fd9040df2a212972c6296d52e222\" style=\"color:#6d7a88\" id=\"ub-styled-box-notification-content-\">\ud83d\udce2 <a href=\"https:\/\/acad.ro\/institutia\/comunicateStiriInst\/2025\/05_ChimieTimisoara.html\" target=\"_blank\" rel=\"noreferrer noopener\"><strong>Academia Rom\u00e2n\u0103 \u2013 Comunicat<\/strong><\/a><br><mark style=\"background-color:rgba(0, 0, 0, 0)\" class=\"has-inline-color has-vivid-purple-color\"><em>11 februarie 2025<\/em><br><\/mark>\ud83d\udcdc <a href=\"https:\/\/acad.ro\/institutia\/comunicateStiriInst\/2025\/05_ChimieTimisoara.html\" target=\"_blank\" rel=\"noreferrer noopener\">Workshop-ul Accelerating Equity in Science (Accelerarea echit\u0103\u021bii \u00een \u0219tiin\u021b\u0103) &#8211; IUPAC\u00a0 Global Woman Beakfast\u00a0<\/a><\/p>\n\n\n<\/div>\n\n<div style=\"background-color: #d9edf7; color: #31708f; border-left-color: #31708f; \" class=\"ub-styled-box ub-notification-box wp-block-ub-styled-box\" id=\"ub-styled-box-7d697ac0-d158-45f7-ac61-4ff9638affb0\">\n<p class=\"has-text-align-center has-text-color has-link-color wp-elements-7ae685e8cf333eed6f0a44c94a47f84d\" style=\"color:#6d7a88\" id=\"ub-styled-box-notification-content-\">\ud83d\udce2 <a href=\"https:\/\/acad.ro\/institutia\/comunicateStiriInst\/2024\/44_stireRO-OPENSCREEN.html\" target=\"_blank\" rel=\"noreferrer noopener\"><strong>Academia Rom\u00e2n\u0103 \u2013 Comunicat<\/strong><\/a><br><mark style=\"background-color:rgba(0, 0, 0, 0)\" class=\"has-inline-color has-vivid-purple-color\"><em>11 octombrie 2024<\/em><br><\/mark>\ud83d\udcdc <a href=\"https:\/\/acad.ro\/institutia\/comunicateStiriInst\/2024\/44_stireRO-OPENSCREEN.html\" target=\"_blank\" rel=\"noreferrer noopener\"><em>RO-OPENSCREEN, noul Centru interdisciplinar de specializare inteligent\u0103 \u00een domeniul chimiei biologice<\/em><br><em>Unicat \u00een Rom\u00e2nia: Libr\u0103ria Na\u021bional\u0103 de Compu\u0219i cu Activitate Biologic\u0103<\/em><\/a><\/p>\n\n\n<\/div>\n\n<div style=\"background-color: #d9edf7; color: #31708f; border-left-color: #31708f; \" class=\"ub-styled-box ub-notification-box wp-block-ub-styled-box\" id=\"ub-styled-box-5f737e19-837f-432d-a253-e9402f3d284a\">\n<p class=\"has-text-align-center has-text-color has-link-color wp-elements-eaae845717eebefc845dc841a2c6ccee\" style=\"color:#6d7a88\" id=\"ub-styled-box-notification-content-\">\ud83d\udce2 <a href=\"https:\/\/acad.ro\/institutia\/comunicateStiriInst\/2024\/43_protocolInstChimie_InstChina.html\" target=\"_blank\" rel=\"noreferrer noopener\"><strong>Academia Rom\u00e2n\u0103 \u2013 Comunicat<\/strong><\/a><br><mark style=\"background-color:rgba(0, 0, 0, 0)\" class=\"has-inline-color has-vivid-purple-color\"><em>20 septembrie 2024<\/em><br><\/mark>\ud83d\udcdc <a href=\"https:\/\/acad.ro\/institutia\/comunicateStiriInst\/2024\/43_protocolInstChimie_InstChina.html\" target=\"_blank\" rel=\"noreferrer noopener\">Protocol de colaborare \u0219tiin\u021bific\u0103 \u00eentre Institutul de Chimie \u201eCoriolan Dr\u0103gulescu\u201c al Academiei Rom\u00e2ne \u0219i Universitatea Zhejiang Sci-Tech University, China<\/a><\/p>\n\n\n<\/div>\n\n<div style=\"background-color: #d9edf7; color: #31708f; border-left-color: #31708f; \" class=\"ub-styled-box ub-notification-box wp-block-ub-styled-box\" id=\"ub-styled-box-74bf4c1c-73e2-4716-b78c-d57b340d7bcb\">\n<p class=\"has-text-align-center has-text-color has-link-color wp-elements-96c0d2a23fb6c3abb98810b444484811\" style=\"color:#6d7a88\" id=\"ub-styled-box-notification-content-\">\ud83d\udce2 <a href=\"https:\/\/acad.ro\/institutia\/comunicateStiriInst\/2024\/45_stireConfNewChemRes.html\" target=\"_blank\" rel=\"noreferrer noopener\"><strong>Academia Rom\u00e2n\u0103 \u2013 Comunicat<\/strong><\/a><br><mark style=\"background-color:rgba(0, 0, 0, 0)\" class=\"has-inline-color has-vivid-purple-color\"><em>18 septembrie 2024<\/em><br><\/mark>\ud83d\udcdc <a href=\"https:\/\/acad.ro\/institutia\/comunicateStiriInst\/2024\/45_stireConfNewChemRes.html\" target=\"_blank\" rel=\"noreferrer noopener\">Conferin\u021ba interna\u021bional\u0103<em> \u201eNoi tendin\u021be de cercetare \u00een domeniul chimiei\u201c<\/em><\/a><\/p>\n\n\n<\/div>\n\n\n<p><\/p>\n","protected":false},"excerpt":{"rendered":"","protected":false},"author":1,"featured_media":0,"parent":0,"menu_order":0,"comment_status":"closed","ping_status":"closed","template":"","meta":{"footnotes":""},"class_list":["post-4461","page","type-page","status-publish","hentry"],"featured_image_src":null,"_links":{"self":[{"href":"https:\/\/acad-icht.tm.edu.ro\/wp\/index.php?rest_route=\/wp\/v2\/pages\/4461","targetHints":{"allow":["GET"]}}],"collection":[{"href":"https:\/\/acad-icht.tm.edu.ro\/wp\/index.php?rest_route=\/wp\/v2\/pages"}],"about":[{"href":"https:\/\/acad-icht.tm.edu.ro\/wp\/index.php?rest_route=\/wp\/v2\/types\/page"}],"author":[{"embeddable":true,"href":"https:\/\/acad-icht.tm.edu.ro\/wp\/index.php?rest_route=\/wp\/v2\/users\/1"}],"replies":[{"embeddable":true,"href":"https:\/\/acad-icht.tm.edu.ro\/wp\/index.php?rest_route=%2Fwp%2Fv2%2Fcomments&post=4461"}],"version-history":[{"count":13,"href":"https:\/\/acad-icht.tm.edu.ro\/wp\/index.php?rest_route=\/wp\/v2\/pages\/4461\/revisions"}],"predecessor-version":[{"id":5336,"href":"https:\/\/acad-icht.tm.edu.ro\/wp\/index.php?rest_route=\/wp\/v2\/pages\/4461\/revisions\/5336"}],"wp:attachment":[{"href":"https:\/\/acad-icht.tm.edu.ro\/wp\/index.php?rest_route=%2Fwp%2Fv2%2Fmedia&parent=4461"}],"curies":[{"name":"wp","href":"https:\/\/api.w.org\/{rel}","templated":true}]}}