{"id":513,"date":"2018-11-06T08:13:18","date_gmt":"2018-11-06T06:13:18","guid":{"rendered":"http:\/\/acad-icht.tm.edu.ro\/wp\/?page_id=513"},"modified":"2018-11-06T08:41:55","modified_gmt":"2018-11-06T06:41:55","slug":"lucrari-prezentate-la-manifestari-stiintifice","status":"publish","type":"page","link":"https:\/\/acad-icht.tm.edu.ro\/wp\/?page_id=513","title":{"rendered":"Lucrari prezentate la manifest\u0103ri \u0219tiin\u021bifice"},"content":{"rendered":"<a href=\"http:\/\/acad-icht.tm.edu.ro\/wp\/?page_id=165\">\u00cenapoi<\/a>\r\n<ul class=\"none\">\r\n\r\n\r\n\r\n<center><a href=\"http:\/\/acad-icht.tm.edu.ro\/wp\/eng\/wp-content\/uploads\/2018\/11\/Lucrari-manifestare-internat-publ-integral-revista-2017.pdf\" Download>Lucrari prezentate la o manifestare \u015ftiin\u0163ific\u0103 interna\u0163ional\u0103, publicate integral \u00eentr-un volum editat \u00eentr-o editur\u0103 consacrat\u0103 din str\u0103in\u0103tate, inclusiv electronic \u00een anul 2017<\/a><\/center>\r\n\r\n<center><a href=\"http:\/\/acad-icht.tm.edu.ro\/wp\/eng\/wp-content\/uploads\/2018\/11\/Lucrari-manifestare-internat-publ-integral-revista-2016.pdf\" Download>Lucrari prezentate la o manifestare \u015ftiin\u0163ific\u0103 interna\u0163ional\u0103, publicate integral \u00eentr-un volum editat \u00eentr-o editur\u0103 consacrat\u0103 din str\u0103in\u0103tate, inclusiv electronic \u00een anul 2016<\/a><\/center>\r\n\r\n<center><a href=\"http:\/\/acad-icht.tm.edu.ro\/wp\/eng\/wp-content\/uploads\/2018\/11\/Lucrari-manifestare-internat-publ-integral-revista-2015.pdf\" Download>Lucrari prezentate la o manifestare \u015ftiin\u0163ific\u0103 interna\u0163ional\u0103, publicate integral \u00eentr-un volum editat \u00eentr-o editur\u0103 consacrat\u0103 din str\u0103in\u0103tate, inclusiv electronic \u00een anul 2015<\/a><\/center>\r\n\r\n<center><a href=\"http:\/\/acad-icht.tm.edu.ro\/wp\/eng\/wp-content\/uploads\/2018\/11\/Lucrari-manifestare-internat-publ-integral-revista-2014.pdf\" Download>Lucrari prezentate la o manifestare \u015ftiin\u0163ific\u0103 interna\u0163ional\u0103, publicate integral \u00eentr-un volum editat \u00eentr-o editur\u0103 consacrat\u0103 din str\u0103in\u0103tate, inclusiv electronic \u00een anul 2014<\/a><\/center>\r\n\r\n<center><a href=\"http:\/\/acad-icht.tm.edu.ro\/wp\/eng\/wp-content\/uploads\/2018\/11\/Lucrari-manifestare-internat-pub-integral-revista-2013.pdf\" Download>Lucrari prezentate la o manifestare \u015ftiin\u0163ific\u0103 interna\u0163ional\u0103, publicate integral \u00eentr-un volum editat \u00eentr-o editur\u0103 consacrat\u0103 din str\u0103in\u0103tate, inclusiv electronic \u00een anul 2013<\/a><\/center>\r\n\r\n\r\n","protected":false},"excerpt":{"rendered":"\u00cenapoi Lucrari prezentate la o manifestare \u015ftiin\u0163ific\u0103 interna\u0163ional\u0103, publicate integral \u00eentr-un volum editat \u00eentr-o editur\u0103 consacrat\u0103 din str\u0103in\u0103tate, inclusiv electronic \u00een anul 2017 Lucrari prezentate la o manifestare \u015ftiin\u0163ific\u0103 interna\u0163ional\u0103, publicate integral \u00eentr-un volum editat \u00eentr-o editur\u0103 consacrat\u0103 din str\u0103in\u0103tate, inclusiv electronic \u00een anul 2016 Lucrari prezentate la o manifestare \u015ftiin\u0163ific\u0103 interna\u0163ional\u0103, publicate integral \u00eentr-un &hellip; <a href=\"https:\/\/acad-icht.tm.edu.ro\/wp\/?page_id=513\">Continue reading <span class=\"meta-nav\">&rarr;<\/span><\/a>","protected":false},"author":1,"featured_media":0,"parent":0,"menu_order":0,"comment_status":"closed","ping_status":"closed","template":"","meta":{"footnotes":""},"class_list":["post-513","page","type-page","status-publish","hentry"],"featured_image_src":null,"_links":{"self":[{"href":"https:\/\/acad-icht.tm.edu.ro\/wp\/index.php?rest_route=\/wp\/v2\/pages\/513","targetHints":{"allow":["GET"]}}],"collection":[{"href":"https:\/\/acad-icht.tm.edu.ro\/wp\/index.php?rest_route=\/wp\/v2\/pages"}],"about":[{"href":"https:\/\/acad-icht.tm.edu.ro\/wp\/index.php?rest_route=\/wp\/v2\/types\/page"}],"author":[{"embeddable":true,"href":"https:\/\/acad-icht.tm.edu.ro\/wp\/index.php?rest_route=\/wp\/v2\/users\/1"}],"replies":[{"embeddable":true,"href":"https:\/\/acad-icht.tm.edu.ro\/wp\/index.php?rest_route=%2Fwp%2Fv2%2Fcomments&post=513"}],"version-history":[{"count":6,"href":"https:\/\/acad-icht.tm.edu.ro\/wp\/index.php?rest_route=\/wp\/v2\/pages\/513\/revisions"}],"predecessor-version":[{"id":542,"href":"https:\/\/acad-icht.tm.edu.ro\/wp\/index.php?rest_route=\/wp\/v2\/pages\/513\/revisions\/542"}],"wp:attachment":[{"href":"https:\/\/acad-icht.tm.edu.ro\/wp\/index.php?rest_route=%2Fwp%2Fv2%2Fmedia&parent=513"}],"curies":[{"name":"wp","href":"https:\/\/api.w.org\/{rel}","templated":true}]}}