{"id":624,"date":"2019-01-22T14:33:56","date_gmt":"2019-01-22T12:33:56","guid":{"rendered":"http:\/\/acad-icht.tm.edu.ro\/wp\/?page_id=624"},"modified":"2019-01-22T14:38:49","modified_gmt":"2019-01-22T12:38:49","slug":"2019-2","status":"publish","type":"page","link":"https:\/\/acad-icht.tm.edu.ro\/wp\/?page_id=624","title":{"rendered":"2019"},"content":{"rendered":"<h2 align=\"center\"><span style=\"font-size: x-large;\"><b>\r\nSimpozionul cu participare interna\u021bional\u0103 &#8211; Noi tendin\u021be \u0219i strategii \u00een chimia materialelor avansate,cu relevan\u021b\u0103 \u00een sisteme biologice, tehnic\u0103 \u0219i protec\u021bia mediului<\/b><\/span><\/h2>\r\n\r\n\r\n<p align=\"center\">\r\n Edi\u021bia a 12-a <br>6-7 iunie 2019, Timi\u0219oara\r\n<\/p>\r\n\r\n\r\n<B>Termene limit\u0103:<\/B>\r\n19.04.2019 \u00cenregistrarea \u0219i trimiterea rezumatelor\r\n25.04.2019 Anun\u021barea accept\u0103rii lucr\u0103rii\r\n13.05.2019 Plata taxelor de participare\r\n\r\n<a href=\"\/cercetare\/manifestari\/newtrends2019\/Announcement-Symposium_New_Trends_2019.pdf\" download=\"\">Circulara<\/a>\r\n<a href=\"\/cercetare\/manifestari\/newtrends2019\/Registration_Form_NT_2019.doc\" download=\"\">Talon de participare<\/a>\r\n<a href=\"\/cercetare\/manifestari\/newtrends2019\/Abstract_Template.doc\" download=\"\">\u0218ablon pentru rezumat<\/a>\r\n<a href=\"\/cercetare\/manifestari\/newtrends2019\/Program_New_Trends_2019.pdf\" download=\"\">Program<\/a>","protected":false},"excerpt":{"rendered":"Simpozionul cu participare interna\u021bional\u0103 &#8211; Noi tendin\u021be \u0219i strategii \u00een chimia materialelor avansate,cu relevan\u021b\u0103 \u00een sisteme biologice, tehnic\u0103 \u0219i protec\u021bia mediului Edi\u021bia a 12-a 6-7 iunie 2019, Timi\u0219oara Termene limit\u0103: 19.04.2019 \u00cenregistrarea \u0219i trimiterea rezumatelor 25.04.2019 Anun\u021barea accept\u0103rii lucr\u0103rii 13.05.2019 Plata taxelor de participare Circulara Talon de participare \u0218ablon pentru rezumat Program","protected":false},"author":1,"featured_media":0,"parent":0,"menu_order":0,"comment_status":"closed","ping_status":"closed","template":"","meta":{"footnotes":""},"class_list":["post-624","page","type-page","status-publish","hentry"],"featured_image_src":null,"_links":{"self":[{"href":"https:\/\/acad-icht.tm.edu.ro\/wp\/index.php?rest_route=\/wp\/v2\/pages\/624","targetHints":{"allow":["GET"]}}],"collection":[{"href":"https:\/\/acad-icht.tm.edu.ro\/wp\/index.php?rest_route=\/wp\/v2\/pages"}],"about":[{"href":"https:\/\/acad-icht.tm.edu.ro\/wp\/index.php?rest_route=\/wp\/v2\/types\/page"}],"author":[{"embeddable":true,"href":"https:\/\/acad-icht.tm.edu.ro\/wp\/index.php?rest_route=\/wp\/v2\/users\/1"}],"replies":[{"embeddable":true,"href":"https:\/\/acad-icht.tm.edu.ro\/wp\/index.php?rest_route=%2Fwp%2Fv2%2Fcomments&post=624"}],"version-history":[{"count":5,"href":"https:\/\/acad-icht.tm.edu.ro\/wp\/index.php?rest_route=\/wp\/v2\/pages\/624\/revisions"}],"predecessor-version":[{"id":633,"href":"https:\/\/acad-icht.tm.edu.ro\/wp\/index.php?rest_route=\/wp\/v2\/pages\/624\/revisions\/633"}],"wp:attachment":[{"href":"https:\/\/acad-icht.tm.edu.ro\/wp\/index.php?rest_route=%2Fwp%2Fv2%2Fmedia&parent=624"}],"curies":[{"name":"wp","href":"https:\/\/api.w.org\/{rel}","templated":true}]}}