{"id":73,"date":"2017-02-18T14:43:49","date_gmt":"2017-02-18T14:43:49","guid":{"rendered":"http:\/\/acad-icht.tm.edu.ro\/wp\/?page_id=73"},"modified":"2026-04-30T13:35:16","modified_gmt":"2026-04-30T11:35:16","slug":"consiliul-stiintific","status":"publish","type":"page","link":"https:\/\/acad-icht.tm.edu.ro\/wp\/?page_id=73","title":{"rendered":"Consiliul \u0218tiin\u021bific"},"content":{"rendered":"\n<figure class=\"wp-block-table is-style-stripes\"><table class=\"has-fixed-layout\"><tbody><tr><td><strong>Dr. Liliana Cseh&nbsp;<\/strong><\/td><td>Pre\u0219edintele Consiliului \u0218tiin\u021bific<\/td><\/tr><tr><td><\/td><td><\/td><\/tr><tr><td><strong>Acad. Cristian Silvestru&nbsp;<\/strong><\/td><td>Reprezentant al sec\u021biei de \u0218tiin\u021be Chimice &#8211; Academia Rom\u00e2n\u0103<\/td><\/tr><tr><td><\/td><td><\/td><\/tr><tr><td><strong>Dr. Ramona Curp\u0103n<\/strong><\/td><td>Director Adjunct<\/td><\/tr><tr><td><\/td><td><\/td><\/tr><tr><td><strong>Dr. Alina Bora<\/strong><\/td><td>Secretar \u0218tiin\u021bific<\/td><\/tr><tr><td><\/td><td><\/td><\/tr><tr><td><strong>Dr. Elisabeta&nbsp;Szerb<\/strong><\/td><td>Membru<\/td><\/tr><tr><td><\/td><td><\/td><\/tr><tr><td><strong>Dr. Aurelia Vi\u0219a<\/strong><\/td><td>Membru<\/td><\/tr><tr><td><\/td><td><\/td><\/tr><tr><td><strong>Dr. Nicoleta Ple\u0219u<\/strong><\/td><td>Membru<\/td><\/tr><tr><td><\/td><td><\/td><\/tr><tr><td><strong>Dr. Sorin Avram<\/strong><\/td><td>Membru<\/td><\/tr><\/tbody><\/table><\/figure>\n\n\n\n<figure class=\"wp-block-table is-style-stripes\"><table class=\"has-fixed-layout\"><thead><tr><th>Membrii Suplean\u021bi<\/th><th><\/th><\/tr><\/thead><tbody><tr><td><strong>Dr.\u200b Liliana Halip<\/strong><\/td><td><\/td><\/tr><tr><td><\/td><td><\/td><\/tr><\/tbody><\/table><\/figure>\n","protected":false},"excerpt":{"rendered":"Dr. Liliana Cseh&nbsp;Pre\u0219edintele Consiliului \u0218tiin\u021bificAcad. Cristian Silvestru&nbsp;Reprezentant al sec\u021biei de \u0218tiin\u021be Chimice &#8211; Academia Rom\u00e2n\u0103Dr. Ramona Curp\u0103nDirector AdjunctDr. Alina BoraSecretar \u0218tiin\u021bificDr. Elisabeta&nbsp;SzerbMembruDr. Aurelia Vi\u0219aMembruDr. Nicoleta Ple\u0219uMembruDr. Sorin AvramMembru Membrii Suplean\u021biDr.\u200b Liliana Halip","protected":false},"author":1,"featured_media":0,"parent":0,"menu_order":0,"comment_status":"closed","ping_status":"closed","template":"","meta":{"footnotes":""},"class_list":["post-73","page","type-page","status-publish","hentry"],"featured_image_src":null,"_links":{"self":[{"href":"https:\/\/acad-icht.tm.edu.ro\/wp\/index.php?rest_route=\/wp\/v2\/pages\/73","targetHints":{"allow":["GET"]}}],"collection":[{"href":"https:\/\/acad-icht.tm.edu.ro\/wp\/index.php?rest_route=\/wp\/v2\/pages"}],"about":[{"href":"https:\/\/acad-icht.tm.edu.ro\/wp\/index.php?rest_route=\/wp\/v2\/types\/page"}],"author":[{"embeddable":true,"href":"https:\/\/acad-icht.tm.edu.ro\/wp\/index.php?rest_route=\/wp\/v2\/users\/1"}],"replies":[{"embeddable":true,"href":"https:\/\/acad-icht.tm.edu.ro\/wp\/index.php?rest_route=%2Fwp%2Fv2%2Fcomments&post=73"}],"version-history":[{"count":46,"href":"https:\/\/acad-icht.tm.edu.ro\/wp\/index.php?rest_route=\/wp\/v2\/pages\/73\/revisions"}],"predecessor-version":[{"id":5458,"href":"https:\/\/acad-icht.tm.edu.ro\/wp\/index.php?rest_route=\/wp\/v2\/pages\/73\/revisions\/5458"}],"wp:attachment":[{"href":"https:\/\/acad-icht.tm.edu.ro\/wp\/index.php?rest_route=%2Fwp%2Fv2%2Fmedia&parent=73"}],"curies":[{"name":"wp","href":"https:\/\/api.w.org\/{rel}","templated":true}]}}