{"id":789,"date":"2019-06-18T09:25:07","date_gmt":"2019-06-18T07:25:07","guid":{"rendered":"http:\/\/acad-icht.tm.edu.ro\/wp\/?page_id=789"},"modified":"2021-05-31T09:14:58","modified_gmt":"2021-05-31T07:14:58","slug":"789-2","status":"publish","type":"page","link":"https:\/\/acad-icht.tm.edu.ro\/wp\/?page_id=789","title":{"rendered":".."},"content":{"rendered":"\r\n<h2 class=\"wp-block-heading\"> Schimburi interacademice<\/h2>\r\n\r\n\r\n\r\n<p><strong>Tip proiect:<\/strong> Proiect de mobilit\u0103\u0163i (Rom\u00e2nia-Ungaria 2019-2021)  \u00een cadrul acordului de colaborare bilateral\u0103 \u00eencheiat \u00eentre Academia Rom\u00e2n\u0103 \u015fi Academia Ungar\u0103 de \u015etiin\u0163e<br><strong>Titlu proiect:<\/strong> <a href=\"http:\/\/acad-icht.tm.edu.ro\/wp\/?page_id=779\">Sinteze \u015fi aplica\u0163ii de silice mezoporoas\u0103 func\u0163ionalizat\u0103<\/a><br><strong>Director de Proiect,<\/strong> Institutul de Chimie \u201cCoriolan Dr\u0103gulescu\u201d, Academia Rom\u00e2n\u0103, Timisoara, Romania: Dr. Putz Ana-Maria <br><strong>Director de Proiect<\/strong>, Wigner Research Centre for Physics, Institute for Solid State Physics and Optics, Hungarian Academy of Sciences: Dr. Alm\u00e1sy L\u00e1szl\u00f3<\/p>\r\n\r\n\r\n\r\n<hr class=\"wp-block-separator\"\/>\r\n\r\n\r\n\r\n<p><strong>Tip proiect:<\/strong> Proiect de mobilitati (Rom\u00e2nia-Cehia 2019)  \u00een cadrul acordului de colaborare bilateral\u0103 \u00eencheiat \u00eentre Academia Rom\u00e2n\u0103 \u015fi Academia Ceh\u0103 de \u015etiinte<br><strong>Titlu proiect: <\/strong><a href=\"http:\/\/acad-icht.tm.edu.ro\/wp\/?page_id=801\">Materiale magnetice ob\u0163inute \u00een medii apoase prin tehnica de precipitare \u015fi nanomateriale ob\u0163inute prin sol-gel (nanocompozite magnetice)<\/a><br><strong>Director de Proiect<\/strong> (Responsabil tem\u0103 de cercetare), Institutul de Chimie \u201cCoriolan Dr\u0103gulescu\u201d, Academia Rom\u00e2n\u0103, Timisoara, Romania, Dr. Putz Ana-Maria <br><strong>Director de Proiect<\/strong> (Responsabil tem\u0103 de cercetare), Institute of Inorganic Chemistry, Academy of Sciences of Czech Republic, Prague, Husinec-Rez, RN Dr. Jiri Plocek<\/p>\r\n\r\n\r\n\r\n<hr class=\"wp-block-separator\"\/>\r\n\r\n\r\n\r\n<p><strong>Tip proiect:<\/strong> Proiect de mobilit\u0103\u0163i (Rom\u00e2nia-Ungaria 2016-2018)  \u00een cadrul acordului de colaborare bilateral\u0103 \u00eencheiat \u00eentre Academia Rom\u00e2n\u0103 \u015fi Academia Ungar\u0103 de \u015etiin\u0163e<br><strong>Titlu proiect:<\/strong> <a href=\"http:\/\/acad-icht.tm.edu.ro\/wp\/?page_id=769\">Sinteza si caracterizarea gelurilor mezoporoase de silice<\/a> <br><strong>Director de Proiect<\/strong>, Institutul de Chimie \u201cCoriolan Dr\u0103gulescu\u201d, Academia Rom\u00e2n\u0103, Timisoara, Romania: Dr. Putz Ana-Maria <br><strong>Director de Proiect<\/strong>, Wigner Research Centre for Physics, Institute for Solid State Physics and Optics, Hungarian Academy of Sciences: Dr. Alm\u00e1sy L\u00e1szl\u00f3<\/p>\r\n","protected":false},"excerpt":{"rendered":"Schimburi interacademice Tip proiect: Proiect de mobilit\u0103\u0163i (Rom\u00e2nia-Ungaria 2019-2021) \u00een cadrul acordului de colaborare bilateral\u0103 \u00eencheiat \u00eentre Academia Rom\u00e2n\u0103 \u015fi Academia Ungar\u0103 de \u015etiin\u0163eTitlu proiect: Sinteze \u015fi aplica\u0163ii de silice mezoporoas\u0103 func\u0163ionalizat\u0103Director de Proiect, Institutul de Chimie \u201cCoriolan Dr\u0103gulescu\u201d, Academia Rom\u00e2n\u0103, Timisoara, Romania: Dr. Putz Ana-Maria Director de Proiect, Wigner Research Centre for Physics, Institute &hellip; <a href=\"https:\/\/acad-icht.tm.edu.ro\/wp\/?page_id=789\">Continue reading <span class=\"meta-nav\">&rarr;<\/span><\/a>","protected":false},"author":1,"featured_media":0,"parent":0,"menu_order":0,"comment_status":"closed","ping_status":"closed","template":"","meta":{"footnotes":""},"class_list":["post-789","page","type-page","status-publish","hentry"],"featured_image_src":null,"_links":{"self":[{"href":"https:\/\/acad-icht.tm.edu.ro\/wp\/index.php?rest_route=\/wp\/v2\/pages\/789","targetHints":{"allow":["GET"]}}],"collection":[{"href":"https:\/\/acad-icht.tm.edu.ro\/wp\/index.php?rest_route=\/wp\/v2\/pages"}],"about":[{"href":"https:\/\/acad-icht.tm.edu.ro\/wp\/index.php?rest_route=\/wp\/v2\/types\/page"}],"author":[{"embeddable":true,"href":"https:\/\/acad-icht.tm.edu.ro\/wp\/index.php?rest_route=\/wp\/v2\/users\/1"}],"replies":[{"embeddable":true,"href":"https:\/\/acad-icht.tm.edu.ro\/wp\/index.php?rest_route=%2Fwp%2Fv2%2Fcomments&post=789"}],"version-history":[{"count":4,"href":"https:\/\/acad-icht.tm.edu.ro\/wp\/index.php?rest_route=\/wp\/v2\/pages\/789\/revisions"}],"predecessor-version":[{"id":808,"href":"https:\/\/acad-icht.tm.edu.ro\/wp\/index.php?rest_route=\/wp\/v2\/pages\/789\/revisions\/808"}],"wp:attachment":[{"href":"https:\/\/acad-icht.tm.edu.ro\/wp\/index.php?rest_route=%2Fwp%2Fv2%2Fmedia&parent=789"}],"curies":[{"name":"wp","href":"https:\/\/api.w.org\/{rel}","templated":true}]}}